{"id":792,"date":"2025-10-09T14:49:36","date_gmt":"2025-10-09T11:49:36","guid":{"rendered":"https:\/\/new.adial.ro\/?page_id=792"},"modified":"2025-12-09T15:56:01","modified_gmt":"2025-12-09T13:56:01","slug":"intretinere-igienizare","status":"publish","type":"page","link":"https:\/\/www.adial.ro\/service\/intretinere-igienizare\/","title":{"rendered":"\u00centre\u021binere &#8211; igienizare"},"content":{"rendered":"\t\t<div data-elementor-type=\"wp-page\" data-elementor-id=\"792\" class=\"elementor elementor-792\">\n\t\t\t\t<div class=\"elementor-element elementor-element-74a64ad e-flex e-con-boxed wpr-particle-no wpr-jarallax-no wpr-parallax-no wpr-sticky-section-no wpr-column-slider-no wpr-equal-height-no e-con e-parent\" data-id=\"74a64ad\" data-element_type=\"container\" data-e-type=\"container\">\n\t\t\t\t\t<div class=\"e-con-inner\">\n\t\t\t\t<div class=\"elementor-element elementor-element-57a6164 elementor-widget elementor-widget-heading\" data-id=\"57a6164\" data-element_type=\"widget\" data-e-type=\"widget\" data-widget_type=\"heading.default\">\n\t\t\t\t\t<h2 class=\"elementor-heading-title elementor-size-default\">\u00centre\u021binere \u0219i igienizare aer condi\u021bionat \u2013 Service profesional \u00een T\u00e2rgu Mure\u0219 | ADIAL Electronic<\/h2>\t\t\t\t<\/div>\n\t\t\t\t\t<\/div>\n\t\t\t\t<\/div>\n\t\t<div class=\"elementor-element elementor-element-d1a1f56 e-flex e-con-boxed wpr-particle-no wpr-jarallax-no wpr-parallax-no wpr-sticky-section-no wpr-column-slider-no wpr-equal-height-no e-con e-parent\" data-id=\"d1a1f56\" data-element_type=\"container\" data-e-type=\"container\">\n\t\t\t\t\t<div class=\"e-con-inner\">\n\t\t\t\t<div class=\"elementor-element elementor-element-79c92f8 elementor-widget elementor-widget-text-editor\" data-id=\"79c92f8\" data-element_type=\"widget\" data-e-type=\"widget\" data-widget_type=\"text-editor.default\">\n\t\t\t\t\t\t\t\t\t<p><b>Asigur\u0103m func\u021bionarea optim\u0103 \u0219i igienic\u0103 a aparatului t\u0103u de aer condi\u021bionat!<\/b><br \/>Suntem un <b>service autorizat<\/b>, cu <b>personal calificat \u0219i frigotehni\u0219ti certifica\u021bi AGFR<\/b>, specializa\u021bi \u00een <b>cur\u0103\u021barea, igienizarea \u0219i \u00eentre\u021binerea profesional\u0103<\/b> a tuturor tipurilor de aparate de aer condi\u021bionat rezidentiale.<\/p>\t\t\t\t\t\t\t\t<\/div>\n\t\t\t\t\t<\/div>\n\t\t\t\t<\/div>\n\t\t<div class=\"elementor-element elementor-element-72804ae e-grid e-con-boxed wpr-particle-no wpr-jarallax-no wpr-parallax-no wpr-sticky-section-no wpr-column-slider-no wpr-equal-height-no e-con e-parent\" data-id=\"72804ae\" data-element_type=\"container\" data-e-type=\"container\">\n\t\t\t\t\t<div class=\"e-con-inner\">\n\t\t\t\t<div class=\"elementor-element elementor-element-a2e24b6 elementor-widget elementor-widget-text-editor\" data-id=\"a2e24b6\" data-element_type=\"widget\" data-e-type=\"widget\" data-widget_type=\"text-editor.default\">\n\t\t\t\t\t\t\t\t\t<p><b>De ce este important\u0103 igienizarea aparatului de aer condi\u021bionat?<\/b><\/p><p>Un aparat de aer condi\u021bionat ne\u00eentre\u021binut poate deveni o surs\u0103 de bacterii, mucegai \u0219i alergeni, afect\u00e2nd calitatea aerului din locuin\u021b\u0103. De asemenea, depunerile de praf \u0219i mizerie reduc performan\u021ba echipamentului \u0219i cresc consumul de energie.<\/p><p>Prin \u00eentre\u021binerea periodic\u0103 realizat\u0103 de un <b>frigotehnist autorizat<\/b>, beneficiezi de:<\/p><ul><li><p><b>Aer mai curat \u0219i mai s\u0103n\u0103tos<\/b> \u00een toat\u0103 locuin\u021ba<\/p><\/li><li><p><b>Randament crescut<\/b> al instala\u021biei<\/p><\/li><li><p><b>Consum redus de energie<\/b><\/p><\/li><li><p><b>Durat\u0103 de via\u021b\u0103 extins\u0103<\/b> a aparatului<\/p><\/li><li><p>Prevenirea defec\u021biunilor costisitoare<\/p><\/li><\/ul><p><b>Serviciile noastre de \u00eentre\u021binere \u0219i igienizare AC<\/b><\/p><p>Oferim pachet complet de servicii profesionale:<\/p><p>\u2714 <b>Cur\u0103\u021barea \u0219i igienizarea unit\u0103\u021bii interne<\/b><\/p><ul><li><p>Demontare masc\u0103<\/p><\/li><li><p>Cur\u0103\u021bare filtru<\/p><\/li><li><p>Sp\u0103lare turbinei \u0219i a schimb\u0103torului de c\u0103ldur\u0103<\/p><\/li><li><p>Eliminarea bacteriilor, mucegaiului \u0219i mirosurilor nepl\u0103cute<\/p><\/li><li><p>Dezinfectare profesional\u0103 cu solu\u021bii avizate<\/p><\/li><\/ul><p>\u2714 <b>Cur\u0103\u021barea \u0219i \u00eentre\u021binerea unit\u0103\u021bii externe<\/b><\/p><ul><li><p>Cur\u0103\u021bare condensator<\/p><\/li><li><p>Eliminare depuneri praf, polen, mizerie<\/p><\/li><li><p>Verificare ventilator \u0219i conexiuni electrice<\/p><\/li><\/ul><p>\u2714 <b>Verific\u0103ri tehnice<\/b><\/p><ul><li><p>M\u0103surarea presiunii agentului frigorific (freon)<\/p><\/li><li><p>Verificarea scurgerilor de freon<\/p><\/li><li><p>Verificarea consumului electric<\/p><\/li><li><p>Testarea temperaturii la func\u021bionare<\/p><\/li><\/ul><p>\u2714 <b>Repara\u021bii \u0219i \u00eenc\u0103rc\u0103ri cu freon<\/b><\/p><p>Ca service autorizat, putem asigura \u0219i interven\u021bii mai complexe, repara\u021bii sau complet\u0103ri cu agent frigorific.<\/p><p><b>De ce s\u0103 ne alegi<\/b><\/p><ul><li><p>Service autorizat Mitsubishi, Samsung \u0219i LG<\/p><\/li><li><p>Repara\u021bii gratuite \u00een garan\u021bie \u0219i postgaran\u021bie<\/p><\/li><li><p>Montaj \u0219i service pentru toate m\u0103rcile de aer condi\u021bionat<\/p><\/li><li><p>Constatare la domiciliu pentru alegerea aparatului optim<\/p><\/li><li><p>Interven\u021bii rapide \u00een Sibiu \u0219i Mure\u0219<\/p><\/li><li><p>Tehnicieni certifica\u021bi, cu experien\u021b\u0103<\/p><\/li><li><p>Piese de schimb originale<\/p><\/li><li><p>Garan\u021bie pentru lucr\u0103rile efectuate<\/p><\/li><\/ul>\t\t\t\t\t\t\t\t<\/div>\n\t\t<div class=\"elementor-element elementor-element-03242a3 e-grid e-con-full wpr-particle-no wpr-jarallax-no wpr-parallax-no wpr-sticky-section-no wpr-column-slider-no wpr-equal-height-no e-con e-child\" data-id=\"03242a3\" data-element_type=\"container\" data-e-type=\"container\">\n\t\t\t\t<div class=\"elementor-element elementor-element-9779a00 elementor-widget elementor-widget-image\" data-id=\"9779a00\" data-element_type=\"widget\" data-e-type=\"widget\" data-widget_type=\"image.default\">\n\t\t\t\t\t\t\t\t\t\t\t\t\t\t\t<img fetchpriority=\"high\" decoding=\"async\" width=\"768\" height=\"1024\" src=\"https:\/\/www.adial.ro\/service\/wp-content\/uploads\/2025\/12\/WhatsApp-Image-2020-05-28-at-14.26.30-768x1024.jpeg\" class=\"attachment-large size-large wp-image-1138\" alt=\"\" srcset=\"https:\/\/www.adial.ro\/service\/wp-content\/uploads\/2025\/12\/WhatsApp-Image-2020-05-28-at-14.26.30-768x1024.jpeg.webp 768w, https:\/\/www.adial.ro\/service\/wp-content\/uploads\/2025\/12\/WhatsApp-Image-2020-05-28-at-14.26.30-225x300.jpeg.webp 225w, https:\/\/www.adial.ro\/service\/wp-content\/uploads\/2025\/12\/WhatsApp-Image-2020-05-28-at-14.26.30-1152x1536.jpeg.webp 1152w, https:\/\/www.adial.ro\/service\/wp-content\/uploads\/2025\/12\/WhatsApp-Image-2020-05-28-at-14.26.30.jpeg.webp 1200w\" sizes=\"(max-width: 768px) 100vw, 768px\" \/>\t\t\t\t\t\t\t\t\t\t\t\t\t\t\t<\/div>\n\t\t\t\t<div class=\"elementor-element elementor-element-2c913c5 elementor-widget elementor-widget-image\" data-id=\"2c913c5\" data-element_type=\"widget\" data-e-type=\"widget\" data-widget_type=\"image.default\">\n\t\t\t\t\t\t\t\t\t\t\t\t\t\t\t<img decoding=\"async\" width=\"768\" height=\"1024\" src=\"https:\/\/www.adial.ro\/service\/wp-content\/uploads\/2025\/12\/WhatsApp-Image-2020-05-28-at-14.32.32-1.jpeg\" class=\"attachment-large size-large wp-image-1139\" alt=\"\" srcset=\"https:\/\/www.adial.ro\/service\/wp-content\/uploads\/2025\/12\/WhatsApp-Image-2020-05-28-at-14.32.32-1.jpeg.webp 768w, https:\/\/www.adial.ro\/service\/wp-content\/uploads\/2025\/12\/WhatsApp-Image-2020-05-28-at-14.32.32-1-225x300.jpeg.webp 225w\" sizes=\"(max-width: 768px) 100vw, 768px\" \/>\t\t\t\t\t\t\t\t\t\t\t\t\t\t\t<\/div>\n\t\t\t\t<\/div>\n\t\t\t\t\t<\/div>\n\t\t\t\t<\/div>\n\t\t<div class=\"elementor-element elementor-element-e79c1ef e-grid e-con-boxed wpr-particle-no wpr-jarallax-no wpr-parallax-no wpr-sticky-section-no wpr-column-slider-no wpr-equal-height-no e-con e-parent\" data-id=\"e79c1ef\" data-element_type=\"container\" data-e-type=\"container\">\n\t\t\t\t\t<div class=\"e-con-inner\">\n\t\t\t\t<div class=\"elementor-element elementor-element-dff88a2 elementor-widget elementor-widget-image\" data-id=\"dff88a2\" data-element_type=\"widget\" data-e-type=\"widget\" data-widget_type=\"image.default\">\n\t\t\t\t\t\t\t\t\t\t\t\t\t\t\t<img decoding=\"async\" width=\"400\" height=\"252\" src=\"https:\/\/www.adial.ro\/service\/wp-content\/uploads\/2025\/12\/igienizare-aer-conditionat.jpg\" class=\"attachment-large size-large wp-image-1137\" alt=\"\" srcset=\"https:\/\/www.adial.ro\/service\/wp-content\/uploads\/2025\/12\/igienizare-aer-conditionat.jpg.webp 400w, https:\/\/www.adial.ro\/service\/wp-content\/uploads\/2025\/12\/igienizare-aer-conditionat-300x189.jpg.webp 300w\" sizes=\"(max-width: 400px) 100vw, 400px\" \/>\t\t\t\t\t\t\t\t\t\t\t\t\t\t\t<\/div>\n\t\t\t\t<div class=\"elementor-element elementor-element-c64acc6 elementor-widget elementor-widget-text-editor\" data-id=\"c64acc6\" data-element_type=\"widget\" data-e-type=\"widget\" data-widget_type=\"text-editor.default\">\n\t\t\t\t\t\t\t\t\t<p><b>C\u00e2t de des trebuie f\u0103cut\u0103 igienizarea aparatului de aer condi\u021bionat?<\/b><\/p><p>Recomandarea speciali\u0219tilor este:<br \/><span style=\"font-family: Segoe UI Emoji, sans-serif;\"><b>\u2757<\/b><\/span><b> De 1-2 ori pe an<\/b>, ideal \u00eenainte de sezonul cald \u0219i dup\u0103 perioada de utilizare intens\u0103.<\/p><p><b>De ce s\u0103 ne alegi pe noi<\/b><\/p><ul><li><p>\u2714 <b>Service autorizat AGFR<\/b><\/p><\/li><li><p>\u2714 Experien\u021b\u0103 \u00een toate m\u0103rcile \u0219i modelele<\/p><\/li><li><p>\u2714 Lucr\u0103ri rapide, curate \u0219i profesioniste<\/p><\/li><li><p>\u2714 Echipamente moderne \u0219i solu\u021bii avizate<\/p><\/li><li><p>\u2714 Garan\u021bie pentru toate interven\u021biile<\/p><\/li><\/ul>\t\t\t\t\t\t\t\t<\/div>\n\t\t\t\t\t<\/div>\n\t\t\t\t<\/div>\n\t\t<div class=\"elementor-element elementor-element-0e8f18a e-flex e-con-boxed wpr-particle-no wpr-jarallax-no wpr-parallax-no wpr-sticky-section-no wpr-column-slider-no wpr-equal-height-no e-con e-parent\" data-id=\"0e8f18a\" data-element_type=\"container\" data-e-type=\"container\">\n\t\t\t\t\t<div class=\"e-con-inner\">\n\t\t\t\t<div class=\"elementor-element elementor-element-1bbf4b2 elementor-widget elementor-widget-text-editor\" data-id=\"1bbf4b2\" data-element_type=\"widget\" data-e-type=\"widget\" data-widget_type=\"text-editor.default\">\n\t\t\t\t\t\t\t\t\t<p><b>Program\u0103ri \u0219i informa\u021bii<\/b><\/p><p><b>Dac\u0103 dore\u0219ti o ofert\u0103 personalizat\u0103 sau o programare pentru igienizarea aparatului t\u0103u de aer condi\u021bionat, sun\u0103-ne:<br \/><\/b><a href=\"tel:0770 843 100\"><span style=\"font-family: Segoe UI Emoji, sans-serif;\"><b>\ud83d\udcde<\/b><\/span><\/a><b> 0770 843 100<br \/><\/b><span style=\"font-family: Segoe UI Emoji, sans-serif;\"><b>\ud83d\udccd<\/b><\/span><b> T\u00e2rgu Mure\u0219 \u2013 P-\u021ba G\u0103rii 5<\/b><\/p><p><span style=\"font-family: Segoe UI Emoji, sans-serif;\"><b>Oferim servicii \u00een urm<\/b><\/span><span style=\"font-family: Calibri, sans-serif;\"><b>\u0103<\/b><\/span><span style=\"font-family: Segoe UI Emoji, sans-serif;\"><b>toarele zone:<\/b><\/span><\/p><p>T\u00e2rgu Mure\u0219, Sighi\u0219oara, Reghin, Iernut, Ludu\u0219, Ungheni, S\u00e2ngeorgiu de Mure\u0219, S\u00e2ncraiu de Mure\u0219 \u0219i toate localit\u0103\u021bile apropiate.<\/p>\t\t\t\t\t\t\t\t<\/div>\n\t\t\t\t\t<\/div>\n\t\t\t\t<\/div>\n\t\t<div class=\"elementor-element elementor-element-7e316e0 e-flex e-con-boxed wpr-particle-no wpr-jarallax-no wpr-parallax-no wpr-sticky-section-no wpr-column-slider-no wpr-equal-height-no e-con e-parent\" data-id=\"7e316e0\" data-element_type=\"container\" data-e-type=\"container\">\n\t\t\t\t\t<div class=\"e-con-inner\">\n\t\t\t\t\t<\/div>\n\t\t\t\t<\/div>\n\t\t\t\t<\/div>\n\t\t","protected":false},"excerpt":{"rendered":"<p>\u00centre\u021binere \u0219i igienizare aer condi\u021bionat \u2013 Service profesional \u00een T\u00e2rgu Mure\u0219 | ADIAL Electronic Asigur\u0103m func\u021bionarea optim\u0103 \u0219i igienic\u0103 a&#8230;<\/p>\n","protected":false},"author":1,"featured_media":0,"parent":0,"menu_order":0,"comment_status":"closed","ping_status":"closed","template":"","meta":{"pagelayer_contact_templates":[],"_pagelayer_content":"","footnotes":""},"class_list":["post-792","page","type-page","status-publish","hentry"],"yoast_head":"<!-- This site is optimized with the Yoast SEO plugin v27.6 - https:\/\/yoast.com\/product\/yoast-seo-wordpress\/ -->\n<title>\u00centre\u021binere - igienizare - Adial Electronic<\/title>\n<meta name=\"robots\" content=\"index, follow, max-snippet:-1, max-image-preview:large, max-video-preview:-1\" \/>\n<link rel=\"canonical\" href=\"https:\/\/www.adial.ro\/service\/intretinere-igienizare\/\" \/>\n<meta property=\"og:locale\" content=\"en_US\" \/>\n<meta property=\"og:type\" content=\"article\" \/>\n<meta property=\"og:title\" content=\"\u00centre\u021binere - igienizare - Adial Electronic\" \/>\n<meta property=\"og:description\" content=\"\u00centre\u021binere \u0219i igienizare aer condi\u021bionat \u2013 Service profesional \u00een T\u00e2rgu Mure\u0219 | ADIAL Electronic Asigur\u0103m func\u021bionarea optim\u0103 \u0219i igienic\u0103 a...\" \/>\n<meta property=\"og:url\" content=\"https:\/\/www.adial.ro\/service\/intretinere-igienizare\/\" \/>\n<meta property=\"og:site_name\" content=\"Adial Electronic\" \/>\n<meta property=\"article:modified_time\" content=\"2025-12-09T13:56:01+00:00\" \/>\n<meta property=\"og:image\" content=\"https:\/\/www.adial.ro\/service\/wp-content\/uploads\/2025\/12\/WhatsApp-Image-2020-05-28-at-14.26.30-768x1024.jpeg\" \/>\n<meta name=\"twitter:card\" content=\"summary_large_image\" \/>\n<meta name=\"twitter:label1\" content=\"Est. reading time\" \/>\n\t<meta name=\"twitter:data1\" content=\"5 minutes\" \/>\n<script type=\"application\/ld+json\" class=\"yoast-schema-graph\">{\"@context\":\"https:\\\/\\\/schema.org\",\"@graph\":[{\"@type\":\"WebPage\",\"@id\":\"https:\\\/\\\/www.adial.ro\\\/service\\\/intretinere-igienizare\\\/\",\"url\":\"https:\\\/\\\/www.adial.ro\\\/service\\\/intretinere-igienizare\\\/\",\"name\":\"\u00centre\u021binere - igienizare - Adial Electronic\",\"isPartOf\":{\"@id\":\"https:\\\/\\\/www.adial.ro\\\/service\\\/#website\"},\"primaryImageOfPage\":{\"@id\":\"https:\\\/\\\/www.adial.ro\\\/service\\\/intretinere-igienizare\\\/#primaryimage\"},\"image\":{\"@id\":\"https:\\\/\\\/www.adial.ro\\\/service\\\/intretinere-igienizare\\\/#primaryimage\"},\"thumbnailUrl\":\"https:\\\/\\\/www.adial.ro\\\/service\\\/wp-content\\\/uploads\\\/2025\\\/12\\\/WhatsApp-Image-2020-05-28-at-14.26.30-768x1024.jpeg\",\"datePublished\":\"2025-10-09T11:49:36+00:00\",\"dateModified\":\"2025-12-09T13:56:01+00:00\",\"breadcrumb\":{\"@id\":\"https:\\\/\\\/www.adial.ro\\\/service\\\/intretinere-igienizare\\\/#breadcrumb\"},\"inLanguage\":\"en-US\",\"potentialAction\":[{\"@type\":\"ReadAction\",\"target\":[\"https:\\\/\\\/www.adial.ro\\\/service\\\/intretinere-igienizare\\\/\"]}]},{\"@type\":\"ImageObject\",\"inLanguage\":\"en-US\",\"@id\":\"https:\\\/\\\/www.adial.ro\\\/service\\\/intretinere-igienizare\\\/#primaryimage\",\"url\":\"https:\\\/\\\/www.adial.ro\\\/service\\\/wp-content\\\/uploads\\\/2025\\\/12\\\/WhatsApp-Image-2020-05-28-at-14.26.30-768x1024.jpeg\",\"contentUrl\":\"https:\\\/\\\/www.adial.ro\\\/service\\\/wp-content\\\/uploads\\\/2025\\\/12\\\/WhatsApp-Image-2020-05-28-at-14.26.30-768x1024.jpeg\"},{\"@type\":\"BreadcrumbList\",\"@id\":\"https:\\\/\\\/www.adial.ro\\\/service\\\/intretinere-igienizare\\\/#breadcrumb\",\"itemListElement\":[{\"@type\":\"ListItem\",\"position\":1,\"name\":\"Home\",\"item\":\"https:\\\/\\\/www.adial.ro\\\/service\\\/\"},{\"@type\":\"ListItem\",\"position\":2,\"name\":\"\u00centre\u021binere &#8211; igienizare\"}]},{\"@type\":\"WebSite\",\"@id\":\"https:\\\/\\\/www.adial.ro\\\/service\\\/#website\",\"url\":\"https:\\\/\\\/www.adial.ro\\\/service\\\/\",\"name\":\"Adial Electronic\",\"description\":\"Service autorizat electronice si electrocasnice\",\"publisher\":{\"@id\":\"https:\\\/\\\/www.adial.ro\\\/service\\\/#organization\"},\"potentialAction\":[{\"@type\":\"SearchAction\",\"target\":{\"@type\":\"EntryPoint\",\"urlTemplate\":\"https:\\\/\\\/www.adial.ro\\\/service\\\/?s={search_term_string}\"},\"query-input\":{\"@type\":\"PropertyValueSpecification\",\"valueRequired\":true,\"valueName\":\"search_term_string\"}}],\"inLanguage\":\"en-US\"},{\"@type\":\"Organization\",\"@id\":\"https:\\\/\\\/www.adial.ro\\\/service\\\/#organization\",\"name\":\"Adial Electronic\",\"url\":\"https:\\\/\\\/www.adial.ro\\\/service\\\/\",\"logo\":{\"@type\":\"ImageObject\",\"inLanguage\":\"en-US\",\"@id\":\"https:\\\/\\\/www.adial.ro\\\/service\\\/#\\\/schema\\\/logo\\\/image\\\/\",\"url\":\"https:\\\/\\\/www.adial.ro\\\/service\\\/wp-content\\\/uploads\\\/2025\\\/11\\\/logo_adial_2x.png\",\"contentUrl\":\"https:\\\/\\\/www.adial.ro\\\/service\\\/wp-content\\\/uploads\\\/2025\\\/11\\\/logo_adial_2x.png\",\"width\":500,\"height\":133,\"caption\":\"Adial Electronic\"},\"image\":{\"@id\":\"https:\\\/\\\/www.adial.ro\\\/service\\\/#\\\/schema\\\/logo\\\/image\\\/\"}}]}<\/script>\n<!-- \/ Yoast SEO plugin. -->","yoast_head_json":{"title":"\u00centre\u021binere - igienizare - Adial Electronic","robots":{"index":"index","follow":"follow","max-snippet":"max-snippet:-1","max-image-preview":"max-image-preview:large","max-video-preview":"max-video-preview:-1"},"canonical":"https:\/\/www.adial.ro\/service\/intretinere-igienizare\/","og_locale":"en_US","og_type":"article","og_title":"\u00centre\u021binere - igienizare - Adial Electronic","og_description":"\u00centre\u021binere \u0219i igienizare aer condi\u021bionat \u2013 Service profesional \u00een T\u00e2rgu Mure\u0219 | ADIAL Electronic Asigur\u0103m func\u021bionarea optim\u0103 \u0219i igienic\u0103 a...","og_url":"https:\/\/www.adial.ro\/service\/intretinere-igienizare\/","og_site_name":"Adial Electronic","article_modified_time":"2025-12-09T13:56:01+00:00","og_image":[{"url":"https:\/\/www.adial.ro\/service\/wp-content\/uploads\/2025\/12\/WhatsApp-Image-2020-05-28-at-14.26.30-768x1024.jpeg","type":"","width":"","height":""}],"twitter_card":"summary_large_image","twitter_misc":{"Est. reading time":"5 minutes"},"schema":{"@context":"https:\/\/schema.org","@graph":[{"@type":"WebPage","@id":"https:\/\/www.adial.ro\/service\/intretinere-igienizare\/","url":"https:\/\/www.adial.ro\/service\/intretinere-igienizare\/","name":"\u00centre\u021binere - igienizare - Adial Electronic","isPartOf":{"@id":"https:\/\/www.adial.ro\/service\/#website"},"primaryImageOfPage":{"@id":"https:\/\/www.adial.ro\/service\/intretinere-igienizare\/#primaryimage"},"image":{"@id":"https:\/\/www.adial.ro\/service\/intretinere-igienizare\/#primaryimage"},"thumbnailUrl":"https:\/\/www.adial.ro\/service\/wp-content\/uploads\/2025\/12\/WhatsApp-Image-2020-05-28-at-14.26.30-768x1024.jpeg","datePublished":"2025-10-09T11:49:36+00:00","dateModified":"2025-12-09T13:56:01+00:00","breadcrumb":{"@id":"https:\/\/www.adial.ro\/service\/intretinere-igienizare\/#breadcrumb"},"inLanguage":"en-US","potentialAction":[{"@type":"ReadAction","target":["https:\/\/www.adial.ro\/service\/intretinere-igienizare\/"]}]},{"@type":"ImageObject","inLanguage":"en-US","@id":"https:\/\/www.adial.ro\/service\/intretinere-igienizare\/#primaryimage","url":"https:\/\/www.adial.ro\/service\/wp-content\/uploads\/2025\/12\/WhatsApp-Image-2020-05-28-at-14.26.30-768x1024.jpeg","contentUrl":"https:\/\/www.adial.ro\/service\/wp-content\/uploads\/2025\/12\/WhatsApp-Image-2020-05-28-at-14.26.30-768x1024.jpeg"},{"@type":"BreadcrumbList","@id":"https:\/\/www.adial.ro\/service\/intretinere-igienizare\/#breadcrumb","itemListElement":[{"@type":"ListItem","position":1,"name":"Home","item":"https:\/\/www.adial.ro\/service\/"},{"@type":"ListItem","position":2,"name":"\u00centre\u021binere &#8211; igienizare"}]},{"@type":"WebSite","@id":"https:\/\/www.adial.ro\/service\/#website","url":"https:\/\/www.adial.ro\/service\/","name":"Adial Electronic","description":"Service autorizat electronice si electrocasnice","publisher":{"@id":"https:\/\/www.adial.ro\/service\/#organization"},"potentialAction":[{"@type":"SearchAction","target":{"@type":"EntryPoint","urlTemplate":"https:\/\/www.adial.ro\/service\/?s={search_term_string}"},"query-input":{"@type":"PropertyValueSpecification","valueRequired":true,"valueName":"search_term_string"}}],"inLanguage":"en-US"},{"@type":"Organization","@id":"https:\/\/www.adial.ro\/service\/#organization","name":"Adial Electronic","url":"https:\/\/www.adial.ro\/service\/","logo":{"@type":"ImageObject","inLanguage":"en-US","@id":"https:\/\/www.adial.ro\/service\/#\/schema\/logo\/image\/","url":"https:\/\/www.adial.ro\/service\/wp-content\/uploads\/2025\/11\/logo_adial_2x.png","contentUrl":"https:\/\/www.adial.ro\/service\/wp-content\/uploads\/2025\/11\/logo_adial_2x.png","width":500,"height":133,"caption":"Adial Electronic"},"image":{"@id":"https:\/\/www.adial.ro\/service\/#\/schema\/logo\/image\/"}}]}},"_links":{"self":[{"href":"https:\/\/www.adial.ro\/service\/wp-json\/wp\/v2\/pages\/792","targetHints":{"allow":["GET"]}}],"collection":[{"href":"https:\/\/www.adial.ro\/service\/wp-json\/wp\/v2\/pages"}],"about":[{"href":"https:\/\/www.adial.ro\/service\/wp-json\/wp\/v2\/types\/page"}],"author":[{"embeddable":true,"href":"https:\/\/www.adial.ro\/service\/wp-json\/wp\/v2\/users\/1"}],"replies":[{"embeddable":true,"href":"https:\/\/www.adial.ro\/service\/wp-json\/wp\/v2\/comments?post=792"}],"version-history":[{"count":0,"href":"https:\/\/www.adial.ro\/service\/wp-json\/wp\/v2\/pages\/792\/revisions"}],"wp:attachment":[{"href":"https:\/\/www.adial.ro\/service\/wp-json\/wp\/v2\/media?parent=792"}],"curies":[{"name":"wp","href":"https:\/\/api.w.org\/{rel}","templated":true}]}}