{"id":35,"date":"2025-09-04T13:59:49","date_gmt":"2025-09-04T10:59:49","guid":{"rendered":"https:\/\/new.adial.ro\/?page_id=35"},"modified":"2026-01-16T13:25:34","modified_gmt":"2026-01-16T11:25:34","slug":"gdpr","status":"publish","type":"page","link":"https:\/\/www.adial.ro\/service\/gdpr\/","title":{"rendered":"GDPR"},"content":{"rendered":"\t\t<div data-elementor-type=\"wp-page\" data-elementor-id=\"35\" class=\"elementor elementor-35\">\n\t\t\t\t<div class=\"elementor-element elementor-element-f32ccd2 e-flex e-con-boxed wpr-particle-no wpr-jarallax-no wpr-parallax-no wpr-sticky-section-no wpr-column-slider-no wpr-equal-height-no e-con e-parent\" data-id=\"f32ccd2\" data-element_type=\"container\" data-e-type=\"container\">\n\t\t\t\t\t<div class=\"e-con-inner\">\n\t\t\t\t<div class=\"elementor-element elementor-element-b58d715 elementor-widget elementor-widget-text-editor\" data-id=\"b58d715\" data-element_type=\"widget\" data-e-type=\"widget\" data-widget_type=\"text-editor.default\">\n\t\t\t\t\t\t\t\t\t<h3>Informare privind prelucrarea si protectia datelor cu caracter personal<\/h3><p>\u201e<strong>Legisla\u0163ia aplicabil\u0103 privind protec\u021bia Datelor<\/strong>\u201d<br \/>\u00eenseamn\u0103 Legea nr. 677 din 21\/11\/2001 pentru protec\u021bia persoanelor cu privire la prelucrarea datelor cu caracter personal si libera circula\u021bie a acestor date, modificat\u0103 si completat\u0103, Regulamentul (EU) nr. 679\/2016 al Parlamentului European si al Consiliului din 27 aprilie 2016 privind protec\u021bia persoanelor fizice \u00een ceea ce prive\u0219te prelucrarea datelor cu caracter personal \u0219i privind libera circula\u021bie a acestor date \u0219i de abrogare a Directivei 95\/46\/CE (\u201eRGPD\u201d), orice lege care implementeaza RGPD sau reglementeaz\u0103 protec\u021bia datelor cu caracter personal \u00een Rom\u00e2nia, precum \u0219i orice decizii, ordine, regulamente sau reglement\u0103ri emise de Autoritatea de Supraveghere sau alte autoritati competente de reglementare si care sunt menite sa protejeze drepturile si libertatile fundamentale ale persoanelor vizate si, in particular, dreptul acestora la intimitate cu privire la prelucrarea datelor, aplicabile \u00een Rom\u00e2nia;<\/p><p>In cadrul activitatilor sale auxiliare referitoare la magazinul on line\u00a0<strong>Sc Adial Electronic Srl\u00a0<\/strong>avand sediul in Targu-Mures, ,Piata Garii 5, fiind inregistrata la Oficiul Comertului sub J40\/9171\/2000 , atribut fiscal <strong>RO11445306<\/strong>, inregistrata in evidenta Autoritatii Nationale de Supraveghere a Prelucrarii datelor cu Caracter Personal,\u00a0<strong>proceseaza datele personale care va privesc<\/strong>.<\/p><p>Ce informatii colectam despre dumneavoastra:<\/p><ul><li>Date de identificare sau de contact cum ar fi numele, adresa de livrare, codul numeric personal (CNP), numarul de telefon sau alte date din cartea de identitate dupa caz.<\/li><li>Inregistrarea interactiunilor care au loc intre dumneavoastra si daca este cazul, prin intermediul call center-ului sau a altei corespondente sau comunicari.<\/li><\/ul><p>De unde putem obtine datele dumneavoastra:<\/p><p>SC Adial Electronic SRL, in conformitate cu dispozitiile legale aplicabile, poate colecta date despre dumneavoastra direct :<\/p><ul><li>prin comanda dvs on line.<\/li><li>prin completari prin telefon sau email<\/li><\/ul><p>De ce procesam datele dumneavoastra cu caracter personal:<\/p><p>SC Adial Electronic SRL poate procesa datele dumneavoastra cu caracter personal pentru:<\/p><ul><li>imbunatatirea serviciilor si experientei pe care vi le oferim<\/li><li>a raspunde solicitarilor autoritatilor publice sau pentru a indeplini cerintele legale<\/li><li>prevenirea sau investigarea fraudelor sau in scopul procedurilor privind infractiunile penale<\/li><li>administrarea interna a SC Adial Electronic SRL<\/li><li>informari ocazionale despre campanii promo, newsletter., produse noi etc<\/li><li>respectarea unei obliga\u021bii legale in sarcina SC Adial Electronic SRL (de exemplu, legislatia privind cunoasterea clientelei si\u00a0 revenirea spalarii banilor sau legisla\u021bia fiscal\u0103)<\/li><\/ul><p>Cui ii putem transfera datele:<\/p><p>SC Adial Electronic SRL poate transfera datele referitoare la dumneavoastra Autorit\u0103\u021bilor publice, pentru a r\u0103spunde cerin\u021belor legale<\/p><p>Cat timp va putem pastra datele:<\/p><p>SC Adial Electronic SRL va pastra datele dumneavoastra personale pe toata perioada derularii comenzilor si se vor stoca pentru informarile ocaziomale amintite.<\/p><p>Drepturile dumneavoastra:<\/p><p>Puteti solicita accesul la datele dumneavoastra personale detinute de SC Adial Electronic SRL si de asemenea, rectificarea acestor date, daca considerati ca sunt inexacte. Puteti, de\u00a0 semenea, sa va opuneti prelucrarii datelor\u00a0 dumneavoastra personale, sau sa solicitati stergerea acestor date, precum si sa solicitati\u00a0 restrictionarea procesarii datelor dumneavoastra sau sa beneficiati de dreptul de portabilitate a acestora.<\/p><p>SC Adial Electronic SRL poate solicita informatii suplimentare necesare pentru a va confirma identitatea inainte de a va permite accesul la datele dumneavoastra cu caracter personal sau de a actiona in legatura cu exercitarea drepturilor dumneavoastra mentionate anterior.<\/p><p>De asemenea, ave\u021bi dreptul s\u0103 depune\u021bi o pl\u00e2ngere la Autoritatea Na\u021bional\u0103 de Supraveghere a Prelucr\u0103rii Datelor cu Caracter Personal, la adresa: Bd. G-ral Gheorghe Magheru 28-30, sector 1, cod po\u0219tal 010336, Bucure\u0219ti, Rom\u00e2nia, telefon: +40318059211, e-mail:\u00a0<a href=\"mailto:anspdcp@dataprotection.ro\">anspdcp@dataprotection.ro<\/a>.<\/p><p>Pute\u021bi formula cererile de mai sus \u00een leg\u0103tur\u0103 cu drepturile dvs., contact\u00e2nd SC Adial Electronic SRL . Detaliile de contact sunt furnizate \u00een sec\u021biunea \u201e<strong>Contact privind prelucrarea si protectia datelor cu caracter personal\u201d<\/strong>\u00a0de mai jos.<\/p><p>Contact privind prelucrarea si protectia datelor cu caracter personal<\/p><p>Dac\u0103 ave\u021bi \u00eentreb\u0103ri sau solicit\u0103ri legate de drepturile dvs. descrise mai sus, v\u0103 rug\u0103m s\u0103 ne contacta\u021bi:<strong><br \/>S.C. Adial Electronic \u00a0S.R.L.<\/strong>\u00a0<strong>Adresa punct de lucru<\/strong>\u00a0:<br \/>Piata Garii 5, Targu-Mures, \u00a0inregistrata la Oficiul Comertului sub nr.<br \/>J40\/9171\/2000, cu cod unic de inregistrare 11445306, atribut fiscal RO.<\/p><p>Link-uri utile<\/p><ul><li>Cum se depune o relamatie?\u00a0<a href=\"http:\/\/www.anpc.gov.ro\/\">http:\/\/www.anpc.gov.ro\/<\/a><\/li><li>Retragere reclamatie.\u00a0<a href=\"http:\/\/reclamatii.anpc.ro\/retragere.aspx\">http:\/\/reclamatii.anpc.ro\/retragere.aspx<\/a><\/li><li>Comisariate teritoriale\u00a0<a href=\"http:\/\/www.anpc.gov.ro\/articol\/588\/comisariate-regionale-comisariate-judetene\">http:\/\/www.anpc.gov.ro\/articol\/588\/comisariate-regionale-comisariate-judetene<\/a><\/li><\/ul>\t\t\t\t\t\t\t\t<\/div>\n\t\t\t\t\t<\/div>\n\t\t\t\t<\/div>\n\t\t\t\t<\/div>\n\t\t","protected":false},"excerpt":{"rendered":"<p>Informare privind prelucrarea si protectia datelor cu caracter personal \u201eLegisla\u0163ia aplicabil\u0103 privind protec\u021bia Datelor\u201d\u00eenseamn\u0103 Legea nr. 677 din 21\/11\/2001 pentru&#8230;<\/p>\n","protected":false},"author":1,"featured_media":0,"parent":0,"menu_order":0,"comment_status":"closed","ping_status":"closed","template":"","meta":{"pagelayer_contact_templates":[],"_pagelayer_content":"","footnotes":""},"class_list":["post-35","page","type-page","status-publish","hentry"],"yoast_head":"<!-- This site is optimized with the Yoast SEO plugin v27.6 - https:\/\/yoast.com\/product\/yoast-seo-wordpress\/ -->\n<title>GDPR - Adial Electronic<\/title>\n<meta name=\"robots\" content=\"index, follow, max-snippet:-1, max-image-preview:large, max-video-preview:-1\" \/>\n<link rel=\"canonical\" href=\"https:\/\/www.adial.ro\/service\/gdpr\/\" \/>\n<meta property=\"og:locale\" content=\"en_US\" \/>\n<meta property=\"og:type\" content=\"article\" \/>\n<meta property=\"og:title\" content=\"GDPR - Adial Electronic\" \/>\n<meta property=\"og:description\" content=\"Informare privind prelucrarea si protectia datelor cu caracter personal \u201eLegisla\u0163ia aplicabil\u0103 privind protec\u021bia Datelor\u201d\u00eenseamn\u0103 Legea nr. 677 din 21\/11\/2001 pentru...\" \/>\n<meta property=\"og:url\" content=\"https:\/\/www.adial.ro\/service\/gdpr\/\" \/>\n<meta property=\"og:site_name\" content=\"Adial Electronic\" \/>\n<meta property=\"article:modified_time\" content=\"2026-01-16T11:25:34+00:00\" \/>\n<meta name=\"twitter:card\" content=\"summary_large_image\" \/>\n<meta name=\"twitter:label1\" content=\"Est. reading time\" \/>\n\t<meta name=\"twitter:data1\" content=\"3 minutes\" \/>\n<script type=\"application\/ld+json\" class=\"yoast-schema-graph\">{\"@context\":\"https:\\\/\\\/schema.org\",\"@graph\":[{\"@type\":\"WebPage\",\"@id\":\"https:\\\/\\\/www.adial.ro\\\/service\\\/gdpr\\\/\",\"url\":\"https:\\\/\\\/www.adial.ro\\\/service\\\/gdpr\\\/\",\"name\":\"GDPR - Adial Electronic\",\"isPartOf\":{\"@id\":\"https:\\\/\\\/www.adial.ro\\\/service\\\/#website\"},\"datePublished\":\"2025-09-04T10:59:49+00:00\",\"dateModified\":\"2026-01-16T11:25:34+00:00\",\"breadcrumb\":{\"@id\":\"https:\\\/\\\/www.adial.ro\\\/service\\\/gdpr\\\/#breadcrumb\"},\"inLanguage\":\"en-US\",\"potentialAction\":[{\"@type\":\"ReadAction\",\"target\":[\"https:\\\/\\\/www.adial.ro\\\/service\\\/gdpr\\\/\"]}]},{\"@type\":\"BreadcrumbList\",\"@id\":\"https:\\\/\\\/www.adial.ro\\\/service\\\/gdpr\\\/#breadcrumb\",\"itemListElement\":[{\"@type\":\"ListItem\",\"position\":1,\"name\":\"Home\",\"item\":\"https:\\\/\\\/www.adial.ro\\\/service\\\/\"},{\"@type\":\"ListItem\",\"position\":2,\"name\":\"GDPR\"}]},{\"@type\":\"WebSite\",\"@id\":\"https:\\\/\\\/www.adial.ro\\\/service\\\/#website\",\"url\":\"https:\\\/\\\/www.adial.ro\\\/service\\\/\",\"name\":\"Adial Electronic\",\"description\":\"Service autorizat electronice si electrocasnice\",\"publisher\":{\"@id\":\"https:\\\/\\\/www.adial.ro\\\/service\\\/#organization\"},\"potentialAction\":[{\"@type\":\"SearchAction\",\"target\":{\"@type\":\"EntryPoint\",\"urlTemplate\":\"https:\\\/\\\/www.adial.ro\\\/service\\\/?s={search_term_string}\"},\"query-input\":{\"@type\":\"PropertyValueSpecification\",\"valueRequired\":true,\"valueName\":\"search_term_string\"}}],\"inLanguage\":\"en-US\"},{\"@type\":\"Organization\",\"@id\":\"https:\\\/\\\/www.adial.ro\\\/service\\\/#organization\",\"name\":\"Adial Electronic\",\"url\":\"https:\\\/\\\/www.adial.ro\\\/service\\\/\",\"logo\":{\"@type\":\"ImageObject\",\"inLanguage\":\"en-US\",\"@id\":\"https:\\\/\\\/www.adial.ro\\\/service\\\/#\\\/schema\\\/logo\\\/image\\\/\",\"url\":\"https:\\\/\\\/www.adial.ro\\\/service\\\/wp-content\\\/uploads\\\/2025\\\/11\\\/logo_adial_2x.png\",\"contentUrl\":\"https:\\\/\\\/www.adial.ro\\\/service\\\/wp-content\\\/uploads\\\/2025\\\/11\\\/logo_adial_2x.png\",\"width\":500,\"height\":133,\"caption\":\"Adial Electronic\"},\"image\":{\"@id\":\"https:\\\/\\\/www.adial.ro\\\/service\\\/#\\\/schema\\\/logo\\\/image\\\/\"}}]}<\/script>\n<!-- \/ Yoast SEO plugin. -->","yoast_head_json":{"title":"GDPR - Adial Electronic","robots":{"index":"index","follow":"follow","max-snippet":"max-snippet:-1","max-image-preview":"max-image-preview:large","max-video-preview":"max-video-preview:-1"},"canonical":"https:\/\/www.adial.ro\/service\/gdpr\/","og_locale":"en_US","og_type":"article","og_title":"GDPR - Adial Electronic","og_description":"Informare privind prelucrarea si protectia datelor cu caracter personal \u201eLegisla\u0163ia aplicabil\u0103 privind protec\u021bia Datelor\u201d\u00eenseamn\u0103 Legea nr. 677 din 21\/11\/2001 pentru...","og_url":"https:\/\/www.adial.ro\/service\/gdpr\/","og_site_name":"Adial Electronic","article_modified_time":"2026-01-16T11:25:34+00:00","twitter_card":"summary_large_image","twitter_misc":{"Est. reading time":"3 minutes"},"schema":{"@context":"https:\/\/schema.org","@graph":[{"@type":"WebPage","@id":"https:\/\/www.adial.ro\/service\/gdpr\/","url":"https:\/\/www.adial.ro\/service\/gdpr\/","name":"GDPR - Adial Electronic","isPartOf":{"@id":"https:\/\/www.adial.ro\/service\/#website"},"datePublished":"2025-09-04T10:59:49+00:00","dateModified":"2026-01-16T11:25:34+00:00","breadcrumb":{"@id":"https:\/\/www.adial.ro\/service\/gdpr\/#breadcrumb"},"inLanguage":"en-US","potentialAction":[{"@type":"ReadAction","target":["https:\/\/www.adial.ro\/service\/gdpr\/"]}]},{"@type":"BreadcrumbList","@id":"https:\/\/www.adial.ro\/service\/gdpr\/#breadcrumb","itemListElement":[{"@type":"ListItem","position":1,"name":"Home","item":"https:\/\/www.adial.ro\/service\/"},{"@type":"ListItem","position":2,"name":"GDPR"}]},{"@type":"WebSite","@id":"https:\/\/www.adial.ro\/service\/#website","url":"https:\/\/www.adial.ro\/service\/","name":"Adial Electronic","description":"Service autorizat electronice si electrocasnice","publisher":{"@id":"https:\/\/www.adial.ro\/service\/#organization"},"potentialAction":[{"@type":"SearchAction","target":{"@type":"EntryPoint","urlTemplate":"https:\/\/www.adial.ro\/service\/?s={search_term_string}"},"query-input":{"@type":"PropertyValueSpecification","valueRequired":true,"valueName":"search_term_string"}}],"inLanguage":"en-US"},{"@type":"Organization","@id":"https:\/\/www.adial.ro\/service\/#organization","name":"Adial Electronic","url":"https:\/\/www.adial.ro\/service\/","logo":{"@type":"ImageObject","inLanguage":"en-US","@id":"https:\/\/www.adial.ro\/service\/#\/schema\/logo\/image\/","url":"https:\/\/www.adial.ro\/service\/wp-content\/uploads\/2025\/11\/logo_adial_2x.png","contentUrl":"https:\/\/www.adial.ro\/service\/wp-content\/uploads\/2025\/11\/logo_adial_2x.png","width":500,"height":133,"caption":"Adial Electronic"},"image":{"@id":"https:\/\/www.adial.ro\/service\/#\/schema\/logo\/image\/"}}]}},"_links":{"self":[{"href":"https:\/\/www.adial.ro\/service\/wp-json\/wp\/v2\/pages\/35","targetHints":{"allow":["GET"]}}],"collection":[{"href":"https:\/\/www.adial.ro\/service\/wp-json\/wp\/v2\/pages"}],"about":[{"href":"https:\/\/www.adial.ro\/service\/wp-json\/wp\/v2\/types\/page"}],"author":[{"embeddable":true,"href":"https:\/\/www.adial.ro\/service\/wp-json\/wp\/v2\/users\/1"}],"replies":[{"embeddable":true,"href":"https:\/\/www.adial.ro\/service\/wp-json\/wp\/v2\/comments?post=35"}],"version-history":[{"count":3,"href":"https:\/\/www.adial.ro\/service\/wp-json\/wp\/v2\/pages\/35\/revisions"}],"predecessor-version":[{"id":1290,"href":"https:\/\/www.adial.ro\/service\/wp-json\/wp\/v2\/pages\/35\/revisions\/1290"}],"wp:attachment":[{"href":"https:\/\/www.adial.ro\/service\/wp-json\/wp\/v2\/media?parent=35"}],"curies":[{"name":"wp","href":"https:\/\/api.w.org\/{rel}","templated":true}]}}