{"id":227,"date":"2025-09-08T15:58:16","date_gmt":"2025-09-08T12:58:16","guid":{"rendered":"https:\/\/new.adial.ro\/?page_id=227"},"modified":"2025-12-12T16:51:34","modified_gmt":"2025-12-12T14:51:34","slug":"piese-schimb","status":"publish","type":"page","link":"https:\/\/www.adial.ro\/service\/piese-schimb\/","title":{"rendered":"Piese Schimb"},"content":{"rendered":"\t\t<div data-elementor-type=\"wp-page\" data-elementor-id=\"227\" class=\"elementor elementor-227\">\n\t\t\t\t<div class=\"elementor-element elementor-element-b71ae8a e-flex e-con-boxed wpr-particle-no wpr-jarallax-no wpr-parallax-no wpr-sticky-section-no wpr-column-slider-no wpr-equal-height-no e-con e-parent\" data-id=\"b71ae8a\" data-element_type=\"container\" data-e-type=\"container\">\n\t\t\t\t\t<div class=\"e-con-inner\">\n\t\t\t\t<div class=\"elementor-element elementor-element-6b39b51 elementor-widget elementor-widget-heading\" data-id=\"6b39b51\" data-element_type=\"widget\" data-e-type=\"widget\" data-widget_type=\"heading.default\">\n\t\t\t\t\t<h2 class=\"elementor-heading-title elementor-size-default\">Service autorizat aer condi\u021bionat Mitsubishi, Samsung \u0219i LG <\/h2>\t\t\t\t<\/div>\n\t\t\t\t\t<\/div>\n\t\t\t\t<\/div>\n\t\t<div class=\"elementor-element elementor-element-c849433 e-flex e-con-boxed wpr-particle-no wpr-jarallax-no wpr-parallax-no wpr-sticky-section-no wpr-column-slider-no wpr-equal-height-no e-con e-parent\" data-id=\"c849433\" data-element_type=\"container\" data-e-type=\"container\">\n\t\t\t\t\t<div class=\"e-con-inner\">\n\t\t\t\t<div class=\"elementor-element elementor-element-8f549c4 elementor-widget elementor-widget-text-editor\" data-id=\"8f549c4\" data-element_type=\"widget\" data-e-type=\"widget\" data-widget_type=\"text-editor.default\">\n\t\t\t\t\t\t\t\t\t<p><b>Repara\u021bii \u00een garan\u021bie \u0219i postgaran\u021bie \u2022 Montaj, \u00eentre\u021binere \u0219i service pentru toate m\u0103rcile<\/b><\/p><p>Suntem <b>service autorizat Mitsubishi, Samsung \u0219i LG<\/b> pentru aparate de <b>aer condi\u021bionat<\/b>, oferind <b>repara\u021bii gratuite \u00een garan\u021bie \u0219i contracost in postgaran\u021bie<\/b> pentru aceste m\u0103rci \u00een jude\u021bele <b>Sibiu \u0219i Mure\u0219<\/b>. Tehnicienii no\u0219tri certifica\u021bi intervin rapid la domiciliu, asigur\u00e2nd diagnostic profesional, repara\u021bii sigure \u0219i servicii conforme standardelor produc\u0103torilor.<\/p><p>Pe l\u00e2ng\u0103 m\u0103rcile autorizate, oferim <b>service complet, montaj \u0219i \u00eentre\u021binere<\/b> pentru <b>orice marc\u0103 de aer condi\u021bionat<\/b> \u00een afara garan\u021biei.<\/p><p>De asemenea, oferim <b>constatare la domiciliu pentru alegerea aparatului de aer condi\u021bionat potrivit<\/b> \u00een func\u021bie de spa\u021biul, necesit\u0103\u021bile \u0219i bugetul t\u0103u.<\/p>\t\t\t\t\t\t\t\t<\/div>\n\t\t\t\t\t<\/div>\n\t\t\t\t<\/div>\n\t\t<div class=\"elementor-element elementor-element-7439af3 e-grid e-con-boxed wpr-particle-no wpr-jarallax-no wpr-parallax-no wpr-sticky-section-no wpr-column-slider-no wpr-equal-height-no e-con e-parent\" data-id=\"7439af3\" data-element_type=\"container\" data-e-type=\"container\">\n\t\t\t\t\t<div class=\"e-con-inner\">\n\t\t\t\t<div class=\"elementor-element elementor-element-51fb7b2 elementor-widget elementor-widget-text-editor\" data-id=\"51fb7b2\" data-element_type=\"widget\" data-e-type=\"widget\" data-widget_type=\"text-editor.default\">\n\t\t\t\t\t\t\t\t\t<p><b>Servicii aer condi\u021bionat <\/b><\/p><p>\u2714 <b>Repara\u021bii \u00een garan\u021bie \u0219i postgaran\u021bie pentru:<\/b><\/p><ul><li><p><b>Mitsubishi<\/b><\/p><\/li><li><p><b>Samsung<\/b><\/p><\/li><li><p><b>LG<\/b><\/p><\/li><\/ul><p>\u2714 <b>Servicii profesionale pentru toate m\u0103rcile:<\/b><\/p><ul><li><p>Montaj aer condi\u021bionat (standard \u0219i premium)<\/p><\/li><li><p>Service \u0219i repara\u021bii \u00een afara garan\u021biei<\/p><\/li><li><p>Revizii, igieniz\u0103ri \u0219i \u00eenc\u0103rcare cu freon<\/p><\/li><li><p>Cur\u0103\u021bare profesional\u0103 unitate intern\u0103 \u0219i extern\u0103<\/p><\/li><li><p>Diagnostic rapid<\/p><\/li><li><p>Mentenan\u021b\u0103 periodic\u0103<\/p><\/li><\/ul><p>\u2714 <b>Constatare la domiciliu pentru alegerea aparatului corect<\/b><\/p><ul><li><p>Evaluarea suprafe\u021bei \u0219i structurii spa\u021biului<\/p><\/li><li><p>Recomandarea capacit\u0103\u021bii potrivite (BTU)<\/p><\/li><li><p>Consultan\u021b\u0103 privind eficien\u021ba energetic\u0103<\/p><\/li><li><p>Alegerea pozi\u021biei optime pentru instalare<\/p><\/li><li><p>Recomand\u0103ri tehnice pentru performan\u021b\u0103 maxim\u0103<\/p><\/li><\/ul><p><b>Acoperire \u00een jude\u021bele Sibiu \u0219i Mure\u0219<\/b><\/p><p><b>Jude\u021bul Sibiu<\/b><\/p><p>Sibiu, Media\u0219, Avrig, Cisn\u0103die, \u0218elimb\u0103r, T\u0103lmaciu, Dumbr\u0103veni \u0219i zonele apropiate.<\/p><p><b>Jude\u021bul Mure\u0219<\/b><\/p><p>T\u00e2rgu Mure\u0219, Sighi\u0219oara, Reghin, Iernut, Ludu\u0219, Ungheni, S\u00e2ngeorgiu de Mure\u0219, S\u00e2ncraiu de Mure\u0219 \u0219i alte localit\u0103\u021bi din \u00eemprejurimi.<\/p>\t\t\t\t\t\t\t\t<\/div>\n\t\t<div class=\"elementor-element elementor-element-6e72292 e-grid e-con-full wpr-particle-no wpr-jarallax-no wpr-parallax-no wpr-sticky-section-no wpr-column-slider-no wpr-equal-height-no e-con e-child\" data-id=\"6e72292\" data-element_type=\"container\" data-e-type=\"container\">\n\t\t\t\t<div class=\"elementor-element elementor-element-e46c160 elementor-widget elementor-widget-image\" data-id=\"e46c160\" data-element_type=\"widget\" data-e-type=\"widget\" data-widget_type=\"image.default\">\n\t\t\t\t\t\t\t\t\t\t\t\t\t\t\t<img fetchpriority=\"high\" decoding=\"async\" width=\"1024\" height=\"770\" src=\"https:\/\/www.adial.ro\/service\/wp-content\/uploads\/2025\/12\/4-1024x770.png\" class=\"attachment-large size-large wp-image-1183\" alt=\"\" srcset=\"https:\/\/www.adial.ro\/service\/wp-content\/uploads\/2025\/12\/4-1024x770.png 1024w, https:\/\/www.adial.ro\/service\/wp-content\/uploads\/2025\/12\/4-300x226.png 300w, https:\/\/www.adial.ro\/service\/wp-content\/uploads\/2025\/12\/4-768x578.png 768w, https:\/\/www.adial.ro\/service\/wp-content\/uploads\/2025\/12\/4.png 1246w\" sizes=\"(max-width: 1024px) 100vw, 1024px\" \/>\t\t\t\t\t\t\t\t\t\t\t\t\t\t\t<\/div>\n\t\t\t\t<div class=\"elementor-element elementor-element-ccd5af1 elementor-widget elementor-widget-image\" data-id=\"ccd5af1\" data-element_type=\"widget\" data-e-type=\"widget\" data-widget_type=\"image.default\">\n\t\t\t\t\t\t\t\t\t\t\t\t\t\t\t<img decoding=\"async\" width=\"1024\" height=\"771\" src=\"https:\/\/www.adial.ro\/service\/wp-content\/uploads\/2025\/12\/3-1024x771.png\" class=\"attachment-large size-large wp-image-1182\" alt=\"\" srcset=\"https:\/\/www.adial.ro\/service\/wp-content\/uploads\/2025\/12\/3-1024x771.png 1024w, https:\/\/www.adial.ro\/service\/wp-content\/uploads\/2025\/12\/3-300x226.png 300w, https:\/\/www.adial.ro\/service\/wp-content\/uploads\/2025\/12\/3-768x578.png 768w, https:\/\/www.adial.ro\/service\/wp-content\/uploads\/2025\/12\/3.png 1247w\" sizes=\"(max-width: 1024px) 100vw, 1024px\" \/>\t\t\t\t\t\t\t\t\t\t\t\t\t\t\t<\/div>\n\t\t\t\t<\/div>\n\t\t\t\t\t<\/div>\n\t\t\t\t<\/div>\n\t\t<div class=\"elementor-element elementor-element-aec11f4 e-flex e-con-boxed wpr-particle-no wpr-jarallax-no wpr-parallax-no wpr-sticky-section-no wpr-column-slider-no wpr-equal-height-no e-con e-parent\" data-id=\"aec11f4\" data-element_type=\"container\" data-e-type=\"container\">\n\t\t\t\t\t<div class=\"e-con-inner\">\n\t\t\t\t<div class=\"elementor-element elementor-element-b310bab elementor-widget elementor-widget-text-editor\" data-id=\"b310bab\" data-element_type=\"widget\" data-e-type=\"widget\" data-widget_type=\"text-editor.default\">\n\t\t\t\t\t\t\t\t\t<p><b>De ce s\u0103 ne alegi<\/b><\/p><ul><li><p>Service autorizat Mitsubishi, Samsung \u0219i LG<\/p><\/li><li><p>Repara\u021bii gratuite \u00een garan\u021bie \u0219i postgaran\u021bie<\/p><\/li><li><p>Montaj \u0219i service pentru toate m\u0103rcile de aer condi\u021bionat<\/p><\/li><li><p>Constatare la domiciliu pentru alegerea aparatului optim<\/p><\/li><li><p>Interven\u021bii rapide \u00een Sibiu \u0219i Mure\u0219<\/p><\/li><li><p>Tehnicieni certifica\u021bi, cu experien\u021b\u0103<\/p><\/li><li><p>Piese de schimb originale<\/p><\/li><li><p>Garan\u021bie pentru lucr\u0103rile efectuate<\/p><\/li><\/ul><p><br \/><br \/><\/p>\t\t\t\t\t\t\t\t<\/div>\n\t\t\t\t\t<\/div>\n\t\t\t\t<\/div>\n\t\t<div class=\"elementor-element elementor-element-d121987 e-flex e-con-boxed wpr-particle-no wpr-jarallax-no wpr-parallax-no wpr-sticky-section-no wpr-column-slider-no wpr-equal-height-no e-con e-parent\" data-id=\"d121987\" data-element_type=\"container\" data-e-type=\"container\">\n\t\t\t\t\t<div class=\"e-con-inner\">\n\t\t\t\t<div class=\"elementor-element elementor-element-a15579e elementor-widget elementor-widget-text-editor\" data-id=\"a15579e\" data-element_type=\"widget\" data-e-type=\"widget\" data-widget_type=\"text-editor.default\">\n\t\t\t\t\t\t\t\t\t<p><b>Program\u0103ri \u0219i interven\u021bii<\/b><\/p><p>Indiferent dac\u0103 ai un aparat \u00een garan\u021bie, o defec\u021biune sau ai nevoie de montajul unui nou sistem de aer condi\u021bionat, suntem aici s\u0103 te ajut\u0103m.<\/p><p><br \/><br \/><\/p><p><b>Contacteaz\u0103-ne pentru program\u0103ri rapide \u00een Sibiu sau Mure\u0219 \u0219i beneficiezi de service profesionist \u0219i consultan\u021b\u0103 tehnic\u0103 la domiciliu.<\/b><\/p><p><a href=\"tel:+40770843100\">\ud83d\udcde <\/a><b>0770 843 100<br \/><\/b><span style=\"font-family: Segoe UI Emoji, sans-serif;\"><b>\ud83d\udccd<\/b><\/span><b> T\u00e2rgu Mure\u0219 \u2013 P-\u021ba G\u0103rii 5<\/b><\/p>\t\t\t\t\t\t\t\t<\/div>\n\t\t\t\t\t<\/div>\n\t\t\t\t<\/div>\n\t\t\t\t<\/div>\n\t\t","protected":false},"excerpt":{"rendered":"<p>Service autorizat aer condi\u021bionat Mitsubishi, Samsung \u0219i LG Repara\u021bii \u00een garan\u021bie \u0219i postgaran\u021bie \u2022 Montaj, \u00eentre\u021binere \u0219i service pentru toate&#8230;<\/p>\n","protected":false},"author":1,"featured_media":0,"parent":0,"menu_order":0,"comment_status":"closed","ping_status":"closed","template":"","meta":{"pagelayer_contact_templates":[],"_pagelayer_content":"","footnotes":""},"class_list":["post-227","page","type-page","status-publish","hentry"],"yoast_head":"<!-- This site is optimized with the Yoast SEO plugin v27.6 - https:\/\/yoast.com\/product\/yoast-seo-wordpress\/ -->\n<title>Piese Schimb - Adial Electronic<\/title>\n<meta name=\"robots\" content=\"index, follow, max-snippet:-1, max-image-preview:large, max-video-preview:-1\" \/>\n<link rel=\"canonical\" href=\"https:\/\/www.adial.ro\/service\/piese-schimb\/\" \/>\n<meta property=\"og:locale\" content=\"en_US\" \/>\n<meta property=\"og:type\" content=\"article\" \/>\n<meta property=\"og:title\" content=\"Piese Schimb - Adial Electronic\" \/>\n<meta property=\"og:description\" content=\"Service autorizat aer condi\u021bionat Mitsubishi, Samsung \u0219i LG Repara\u021bii \u00een garan\u021bie \u0219i postgaran\u021bie \u2022 Montaj, \u00eentre\u021binere \u0219i service pentru toate...\" \/>\n<meta property=\"og:url\" content=\"https:\/\/www.adial.ro\/service\/piese-schimb\/\" \/>\n<meta property=\"og:site_name\" content=\"Adial Electronic\" \/>\n<meta property=\"article:modified_time\" content=\"2025-12-12T14:51:34+00:00\" \/>\n<meta property=\"og:image\" content=\"https:\/\/www.adial.ro\/service\/wp-content\/uploads\/2025\/12\/4-1024x770.png\" \/>\n<meta name=\"twitter:card\" content=\"summary_large_image\" \/>\n<meta name=\"twitter:label1\" content=\"Est. reading time\" \/>\n\t<meta name=\"twitter:data1\" content=\"3 minutes\" \/>\n<script type=\"application\/ld+json\" class=\"yoast-schema-graph\">{\"@context\":\"https:\\\/\\\/schema.org\",\"@graph\":[{\"@type\":\"WebPage\",\"@id\":\"https:\\\/\\\/www.adial.ro\\\/service\\\/piese-schimb\\\/\",\"url\":\"https:\\\/\\\/www.adial.ro\\\/service\\\/piese-schimb\\\/\",\"name\":\"Piese Schimb - Adial Electronic\",\"isPartOf\":{\"@id\":\"https:\\\/\\\/www.adial.ro\\\/service\\\/#website\"},\"primaryImageOfPage\":{\"@id\":\"https:\\\/\\\/www.adial.ro\\\/service\\\/piese-schimb\\\/#primaryimage\"},\"image\":{\"@id\":\"https:\\\/\\\/www.adial.ro\\\/service\\\/piese-schimb\\\/#primaryimage\"},\"thumbnailUrl\":\"https:\\\/\\\/www.adial.ro\\\/service\\\/wp-content\\\/uploads\\\/2025\\\/12\\\/4-1024x770.png\",\"datePublished\":\"2025-09-08T12:58:16+00:00\",\"dateModified\":\"2025-12-12T14:51:34+00:00\",\"breadcrumb\":{\"@id\":\"https:\\\/\\\/www.adial.ro\\\/service\\\/piese-schimb\\\/#breadcrumb\"},\"inLanguage\":\"en-US\",\"potentialAction\":[{\"@type\":\"ReadAction\",\"target\":[\"https:\\\/\\\/www.adial.ro\\\/service\\\/piese-schimb\\\/\"]}]},{\"@type\":\"ImageObject\",\"inLanguage\":\"en-US\",\"@id\":\"https:\\\/\\\/www.adial.ro\\\/service\\\/piese-schimb\\\/#primaryimage\",\"url\":\"https:\\\/\\\/www.adial.ro\\\/service\\\/wp-content\\\/uploads\\\/2025\\\/12\\\/4.png\",\"contentUrl\":\"https:\\\/\\\/www.adial.ro\\\/service\\\/wp-content\\\/uploads\\\/2025\\\/12\\\/4.png\",\"width\":1246,\"height\":937},{\"@type\":\"BreadcrumbList\",\"@id\":\"https:\\\/\\\/www.adial.ro\\\/service\\\/piese-schimb\\\/#breadcrumb\",\"itemListElement\":[{\"@type\":\"ListItem\",\"position\":1,\"name\":\"Home\",\"item\":\"https:\\\/\\\/www.adial.ro\\\/service\\\/\"},{\"@type\":\"ListItem\",\"position\":2,\"name\":\"Piese Schimb\"}]},{\"@type\":\"WebSite\",\"@id\":\"https:\\\/\\\/www.adial.ro\\\/service\\\/#website\",\"url\":\"https:\\\/\\\/www.adial.ro\\\/service\\\/\",\"name\":\"Adial Electronic\",\"description\":\"Service autorizat electronice si electrocasnice\",\"publisher\":{\"@id\":\"https:\\\/\\\/www.adial.ro\\\/service\\\/#organization\"},\"potentialAction\":[{\"@type\":\"SearchAction\",\"target\":{\"@type\":\"EntryPoint\",\"urlTemplate\":\"https:\\\/\\\/www.adial.ro\\\/service\\\/?s={search_term_string}\"},\"query-input\":{\"@type\":\"PropertyValueSpecification\",\"valueRequired\":true,\"valueName\":\"search_term_string\"}}],\"inLanguage\":\"en-US\"},{\"@type\":\"Organization\",\"@id\":\"https:\\\/\\\/www.adial.ro\\\/service\\\/#organization\",\"name\":\"Adial Electronic\",\"url\":\"https:\\\/\\\/www.adial.ro\\\/service\\\/\",\"logo\":{\"@type\":\"ImageObject\",\"inLanguage\":\"en-US\",\"@id\":\"https:\\\/\\\/www.adial.ro\\\/service\\\/#\\\/schema\\\/logo\\\/image\\\/\",\"url\":\"https:\\\/\\\/www.adial.ro\\\/service\\\/wp-content\\\/uploads\\\/2025\\\/11\\\/logo_adial_2x.png\",\"contentUrl\":\"https:\\\/\\\/www.adial.ro\\\/service\\\/wp-content\\\/uploads\\\/2025\\\/11\\\/logo_adial_2x.png\",\"width\":500,\"height\":133,\"caption\":\"Adial Electronic\"},\"image\":{\"@id\":\"https:\\\/\\\/www.adial.ro\\\/service\\\/#\\\/schema\\\/logo\\\/image\\\/\"}}]}<\/script>\n<!-- \/ Yoast SEO plugin. -->","yoast_head_json":{"title":"Piese Schimb - Adial Electronic","robots":{"index":"index","follow":"follow","max-snippet":"max-snippet:-1","max-image-preview":"max-image-preview:large","max-video-preview":"max-video-preview:-1"},"canonical":"https:\/\/www.adial.ro\/service\/piese-schimb\/","og_locale":"en_US","og_type":"article","og_title":"Piese Schimb - Adial Electronic","og_description":"Service autorizat aer condi\u021bionat Mitsubishi, Samsung \u0219i LG Repara\u021bii \u00een garan\u021bie \u0219i postgaran\u021bie \u2022 Montaj, \u00eentre\u021binere \u0219i service pentru toate...","og_url":"https:\/\/www.adial.ro\/service\/piese-schimb\/","og_site_name":"Adial Electronic","article_modified_time":"2025-12-12T14:51:34+00:00","og_image":[{"url":"https:\/\/www.adial.ro\/service\/wp-content\/uploads\/2025\/12\/4-1024x770.png","type":"","width":"","height":""}],"twitter_card":"summary_large_image","twitter_misc":{"Est. reading time":"3 minutes"},"schema":{"@context":"https:\/\/schema.org","@graph":[{"@type":"WebPage","@id":"https:\/\/www.adial.ro\/service\/piese-schimb\/","url":"https:\/\/www.adial.ro\/service\/piese-schimb\/","name":"Piese Schimb - Adial Electronic","isPartOf":{"@id":"https:\/\/www.adial.ro\/service\/#website"},"primaryImageOfPage":{"@id":"https:\/\/www.adial.ro\/service\/piese-schimb\/#primaryimage"},"image":{"@id":"https:\/\/www.adial.ro\/service\/piese-schimb\/#primaryimage"},"thumbnailUrl":"https:\/\/www.adial.ro\/service\/wp-content\/uploads\/2025\/12\/4-1024x770.png","datePublished":"2025-09-08T12:58:16+00:00","dateModified":"2025-12-12T14:51:34+00:00","breadcrumb":{"@id":"https:\/\/www.adial.ro\/service\/piese-schimb\/#breadcrumb"},"inLanguage":"en-US","potentialAction":[{"@type":"ReadAction","target":["https:\/\/www.adial.ro\/service\/piese-schimb\/"]}]},{"@type":"ImageObject","inLanguage":"en-US","@id":"https:\/\/www.adial.ro\/service\/piese-schimb\/#primaryimage","url":"https:\/\/www.adial.ro\/service\/wp-content\/uploads\/2025\/12\/4.png","contentUrl":"https:\/\/www.adial.ro\/service\/wp-content\/uploads\/2025\/12\/4.png","width":1246,"height":937},{"@type":"BreadcrumbList","@id":"https:\/\/www.adial.ro\/service\/piese-schimb\/#breadcrumb","itemListElement":[{"@type":"ListItem","position":1,"name":"Home","item":"https:\/\/www.adial.ro\/service\/"},{"@type":"ListItem","position":2,"name":"Piese Schimb"}]},{"@type":"WebSite","@id":"https:\/\/www.adial.ro\/service\/#website","url":"https:\/\/www.adial.ro\/service\/","name":"Adial Electronic","description":"Service autorizat electronice si electrocasnice","publisher":{"@id":"https:\/\/www.adial.ro\/service\/#organization"},"potentialAction":[{"@type":"SearchAction","target":{"@type":"EntryPoint","urlTemplate":"https:\/\/www.adial.ro\/service\/?s={search_term_string}"},"query-input":{"@type":"PropertyValueSpecification","valueRequired":true,"valueName":"search_term_string"}}],"inLanguage":"en-US"},{"@type":"Organization","@id":"https:\/\/www.adial.ro\/service\/#organization","name":"Adial Electronic","url":"https:\/\/www.adial.ro\/service\/","logo":{"@type":"ImageObject","inLanguage":"en-US","@id":"https:\/\/www.adial.ro\/service\/#\/schema\/logo\/image\/","url":"https:\/\/www.adial.ro\/service\/wp-content\/uploads\/2025\/11\/logo_adial_2x.png","contentUrl":"https:\/\/www.adial.ro\/service\/wp-content\/uploads\/2025\/11\/logo_adial_2x.png","width":500,"height":133,"caption":"Adial Electronic"},"image":{"@id":"https:\/\/www.adial.ro\/service\/#\/schema\/logo\/image\/"}}]}},"_links":{"self":[{"href":"https:\/\/www.adial.ro\/service\/wp-json\/wp\/v2\/pages\/227","targetHints":{"allow":["GET"]}}],"collection":[{"href":"https:\/\/www.adial.ro\/service\/wp-json\/wp\/v2\/pages"}],"about":[{"href":"https:\/\/www.adial.ro\/service\/wp-json\/wp\/v2\/types\/page"}],"author":[{"embeddable":true,"href":"https:\/\/www.adial.ro\/service\/wp-json\/wp\/v2\/users\/1"}],"replies":[{"embeddable":true,"href":"https:\/\/www.adial.ro\/service\/wp-json\/wp\/v2\/comments?post=227"}],"version-history":[{"count":0,"href":"https:\/\/www.adial.ro\/service\/wp-json\/wp\/v2\/pages\/227\/revisions"}],"wp:attachment":[{"href":"https:\/\/www.adial.ro\/service\/wp-json\/wp\/v2\/media?parent=227"}],"curies":[{"name":"wp","href":"https:\/\/api.w.org\/{rel}","templated":true}]}}