{"id":16,"date":"2025-09-04T13:41:56","date_gmt":"2025-09-04T10:41:56","guid":{"rendered":"https:\/\/new.adial.ro\/?page_id=16"},"modified":"2026-01-16T13:30:42","modified_gmt":"2026-01-16T11:30:42","slug":"aer-conditionat","status":"publish","type":"page","link":"https:\/\/www.adial.ro\/service\/aer-conditionat\/","title":{"rendered":"Aer condi\u021bionat"},"content":{"rendered":"\t\t<div data-elementor-type=\"wp-page\" data-elementor-id=\"16\" class=\"elementor elementor-16\">\n\t\t\t\t<div class=\"elementor-element elementor-element-b8b0ccb e-flex e-con-boxed wpr-particle-no wpr-jarallax-no wpr-parallax-no wpr-sticky-section-no wpr-column-slider-no wpr-equal-height-no e-con e-parent\" data-id=\"b8b0ccb\" data-element_type=\"container\" data-e-type=\"container\">\n\t\t\t\t\t<div class=\"e-con-inner\">\n\t\t\t\t<div class=\"elementor-element elementor-element-4e94e1b elementor-widget__width-inherit elementor-widget elementor-widget-shortcode\" data-id=\"4e94e1b\" data-element_type=\"widget\" data-e-type=\"widget\" data-widget_type=\"shortcode.default\">\n\t\t\t\t\t\t\t<div class=\"elementor-shortcode\">  <\/div>\n\t\t\t\t\t\t<\/div>\n\t\t\t\t\t<\/div>\n\t\t\t\t<\/div>\n\t\t<div class=\"elementor-element elementor-element-746a2ea e-con-full e-flex wpr-particle-no wpr-jarallax-no wpr-parallax-no wpr-sticky-section-no wpr-column-slider-no wpr-equal-height-no e-con e-parent\" data-id=\"746a2ea\" data-element_type=\"container\" data-e-type=\"container\">\n\t\t<div class=\"elementor-element elementor-element-d95b332 e-grid e-con-boxed wpr-particle-no wpr-jarallax-no wpr-parallax-no wpr-sticky-section-no wpr-column-slider-no wpr-equal-height-no e-con e-child\" data-id=\"d95b332\" data-element_type=\"container\" data-e-type=\"container\">\n\t\t\t\t\t<div class=\"e-con-inner\">\n\t\t\t\t<div class=\"elementor-element elementor-element-dd96304 elementor-position-top elementor-widget elementor-widget-image-box\" data-id=\"dd96304\" data-element_type=\"widget\" data-e-type=\"widget\" data-widget_type=\"image-box.default\">\n\t\t\t\t\t<div class=\"elementor-image-box-wrapper\"><figure class=\"elementor-image-box-img\"><a href=\"https:\/\/adial.ro\/service\/service-aer-conditionat\/\" tabindex=\"-1\"><img fetchpriority=\"high\" decoding=\"async\" width=\"512\" height=\"512\" src=\"https:\/\/www.adial.ro\/service\/wp-content\/uploads\/2025\/09\/air-conditioner.png\" class=\"attachment-full size-full wp-image-305\" alt=\"\" srcset=\"https:\/\/www.adial.ro\/service\/wp-content\/uploads\/2025\/09\/air-conditioner.png 512w, https:\/\/www.adial.ro\/service\/wp-content\/uploads\/2025\/09\/air-conditioner-300x300.png 300w, https:\/\/www.adial.ro\/service\/wp-content\/uploads\/2025\/09\/air-conditioner-150x150.png 150w\" sizes=\"(max-width: 512px) 100vw, 512px\" \/><\/a><\/figure><div class=\"elementor-image-box-content\"><h3 class=\"elementor-image-box-title\"><a href=\"https:\/\/adial.ro\/service\/service-aer-conditionat\/\">Montaj aparate de aer condi\u021bionat <\/a><\/h3><p class=\"elementor-image-box-description\">De peste 25 de ani, oferim servicii profesioniste de montaj pentru sistemele de aer condi\u021bionat. Colabor\u00e2nd cu echipa noastr\u0103, beneficia\u021bi de tehnicieni califica\u021bi \u0219i autoriza\u021bi AGFR, asigur\u00e2nd realizarea proiectului conform celor mai \u00eenalte standarde de calitate \u0219i siguran\u021b\u0103. Ne angaj\u0103m s\u0103 furniz\u0103m servicii durabile, eficiente \u0219i garantate pentru satisfac\u021bia dumneavoastr\u0103<\/p><\/div><\/div>\t\t\t\t<\/div>\n\t\t\t\t<div class=\"elementor-element elementor-element-5d0fa50 elementor-position-top elementor-widget elementor-widget-image-box\" data-id=\"5d0fa50\" data-element_type=\"widget\" data-e-type=\"widget\" data-widget_type=\"image-box.default\">\n\t\t\t\t\t<div class=\"elementor-image-box-wrapper\"><figure class=\"elementor-image-box-img\"><a href=\"https:\/\/adial.ro\/service\/intretinere-igienizare\/\" tabindex=\"-1\"><img decoding=\"async\" width=\"512\" height=\"512\" src=\"https:\/\/www.adial.ro\/service\/wp-content\/uploads\/2025\/09\/annual-maintenance.png\" class=\"attachment-full size-full wp-image-304\" alt=\"\" srcset=\"https:\/\/www.adial.ro\/service\/wp-content\/uploads\/2025\/09\/annual-maintenance.png 512w, https:\/\/www.adial.ro\/service\/wp-content\/uploads\/2025\/09\/annual-maintenance-300x300.png 300w, https:\/\/www.adial.ro\/service\/wp-content\/uploads\/2025\/09\/annual-maintenance-150x150.png 150w\" sizes=\"(max-width: 512px) 100vw, 512px\" \/><\/a><\/figure><div class=\"elementor-image-box-content\"><h3 class=\"elementor-image-box-title\"><a href=\"https:\/\/adial.ro\/service\/intretinere-igienizare\/\">Reviza, cur\u0103\u021barea \u0219i igienizarea aparatului <\/a><\/h3><p class=\"elementor-image-box-description\">Asigur\u0103m service-ul complet pentru sistemele de aer condi\u021bionat, pentru a oferi un mediu mai confortabil \u00een locuin\u021ba, biroul, magazinul sau restaurantul dumneavoastr\u0103. Serviciile noastre contribuie la func\u021bionarea optim\u0103 a aparatului \u0219i men\u021binerea unui aer curat \u0219i s\u0103n\u0103tos \u00een spa\u021biul dumneavoastr\u0103. <\/p><\/div><\/div>\t\t\t\t<\/div>\n\t\t\t\t<div class=\"elementor-element elementor-element-4d622fd elementor-position-top elementor-widget elementor-widget-image-box\" data-id=\"4d622fd\" data-element_type=\"widget\" data-e-type=\"widget\" data-widget_type=\"image-box.default\">\n\t\t\t\t\t<div class=\"elementor-image-box-wrapper\"><figure class=\"elementor-image-box-img\"><a href=\"https:\/\/adial.ro\/service\/instalare\/\" tabindex=\"-1\"><img decoding=\"async\" width=\"512\" height=\"512\" src=\"https:\/\/www.adial.ro\/service\/wp-content\/uploads\/2025\/09\/online-shopping.png\" class=\"attachment-full size-full wp-image-302\" alt=\"\" srcset=\"https:\/\/www.adial.ro\/service\/wp-content\/uploads\/2025\/09\/online-shopping.png 512w, https:\/\/www.adial.ro\/service\/wp-content\/uploads\/2025\/09\/online-shopping-300x300.png 300w, https:\/\/www.adial.ro\/service\/wp-content\/uploads\/2025\/09\/online-shopping-150x150.png 150w\" sizes=\"(max-width: 512px) 100vw, 512px\" \/><\/a><\/figure><div class=\"elementor-image-box-content\"><h3 class=\"elementor-image-box-title\"><a href=\"https:\/\/adial.ro\/service\/instalare\/\">V\u00e2nz\u0103ri aer condi\u021bionat \u0219i accesorii<\/a><\/h3><p class=\"elementor-image-box-description\">Dac\u0103 dori\u021bi s\u0103 beneficia\u021bi de un sistem de aer condi\u021bionat de \u00eenalt\u0103 performan\u021b\u0103, v\u0103 oferim o gam\u0103 variat\u0103 de modele Mitsubishi, provenite de la unul dintre cei mai renumi\u021bi produc\u0103tori din domeniu. Indiferent dac\u0103 ave\u021bi nevoie pentru locuin\u021b\u0103, birou sau spa\u021bii comerciale, avem solu\u021bia ideal\u0103 pentru nevoile dumneavoastr\u0103.<\/p><\/div><\/div>\t\t\t\t<\/div>\n\t\t\t\t<div class=\"elementor-element elementor-element-fe02e36 elementor-position-top elementor-widget elementor-widget-image-box\" data-id=\"fe02e36\" data-element_type=\"widget\" data-e-type=\"widget\" data-widget_type=\"image-box.default\">\n\t\t\t\t\t<div class=\"elementor-image-box-wrapper\"><figure class=\"elementor-image-box-img\"><a href=\"https:\/\/adial.ro\/service\/piese-schimb\/\" tabindex=\"-1\"><img loading=\"lazy\" decoding=\"async\" width=\"512\" height=\"512\" src=\"https:\/\/www.adial.ro\/service\/wp-content\/uploads\/2025\/09\/maintenance.png\" class=\"attachment-full size-full wp-image-303\" alt=\"\" srcset=\"https:\/\/www.adial.ro\/service\/wp-content\/uploads\/2025\/09\/maintenance.png 512w, https:\/\/www.adial.ro\/service\/wp-content\/uploads\/2025\/09\/maintenance-300x300.png 300w, https:\/\/www.adial.ro\/service\/wp-content\/uploads\/2025\/09\/maintenance-150x150.png 150w\" sizes=\"(max-width: 512px) 100vw, 512px\" \/><\/a><\/figure><div class=\"elementor-image-box-content\"><h3 class=\"elementor-image-box-title\"><a href=\"https:\/\/adial.ro\/service\/piese-schimb\/\">Repara\u021bii aparate de aer condi\u021bionat<\/a><\/h3><p class=\"elementor-image-box-description\">\u00cen cazul \u00een care aparatul de aer condi\u021bionat nu mai r\u0103ce\u0219te corespunz\u0103tor sau prezint\u0103 defec\u021biuni, este posibil ca nivelul de freon din instala\u021bie s\u0103 fie redus sau consumat \u00een mod neadecvat. Ca service autorizat, execut\u0103m repara\u021biile necesare \u0219i efectu\u0103m reincarcare, pentru a restabili func\u021bionarea eficient\u0103 \u0219i performan\u021ba optim\u0103 a echipamentului dumneavoastr\u0103.<\/p><\/div><\/div>\t\t\t\t<\/div>\n\t\t\t\t\t<\/div>\n\t\t\t\t<\/div>\n\t\t\t\t<\/div>\n\t\t<div class=\"elementor-element elementor-element-6f557d5 e-flex e-con-boxed wpr-particle-no wpr-jarallax-no wpr-parallax-no wpr-sticky-section-no wpr-column-slider-no wpr-equal-height-no e-con e-parent\" data-id=\"6f557d5\" data-element_type=\"container\" data-e-type=\"container\">\n\t\t\t\t\t<div class=\"e-con-inner\">\n\t\t\t\t<div class=\"elementor-element elementor-element-12cb5de elementor-widget elementor-widget-image\" data-id=\"12cb5de\" data-element_type=\"widget\" data-e-type=\"widget\" data-widget_type=\"image.default\">\n\t\t\t\t\t\t\t\t\t\t\t\t\t\t\t<img loading=\"lazy\" decoding=\"async\" width=\"720\" height=\"442\" src=\"https:\/\/www.adial.ro\/service\/wp-content\/uploads\/2025\/09\/ac.png\" class=\"attachment-large size-large wp-image-424\" alt=\"\" srcset=\"https:\/\/www.adial.ro\/service\/wp-content\/uploads\/2025\/09\/ac.png 720w, https:\/\/www.adial.ro\/service\/wp-content\/uploads\/2025\/09\/ac-300x184.png 300w\" sizes=\"(max-width: 720px) 100vw, 720px\" \/>\t\t\t\t\t\t\t\t\t\t\t\t\t\t\t<\/div>\n\t\t\t\t<div class=\"elementor-element elementor-element-356fd9c elementor-widget elementor-widget-shortcode\" data-id=\"356fd9c\" data-element_type=\"widget\" data-e-type=\"widget\" data-widget_type=\"shortcode.default\">\n\t\t\t\t\t\t\t<div class=\"elementor-shortcode\">  <\/div>\n\t\t\t\t\t\t<\/div>\n\t\t\t\t\t<\/div>\n\t\t\t\t<\/div>\n\t\t<div class=\"elementor-element elementor-element-0ec7590 e-flex e-con-boxed wpr-particle-no wpr-jarallax-no wpr-parallax-no wpr-sticky-section-no wpr-column-slider-no wpr-equal-height-no e-con e-parent\" data-id=\"0ec7590\" data-element_type=\"container\" data-e-type=\"container\">\n\t\t\t\t\t<div class=\"e-con-inner\">\n\t\t\t\t<div class=\"elementor-element elementor-element-ab71717 elementor-widget elementor-widget-image\" data-id=\"ab71717\" data-element_type=\"widget\" data-e-type=\"widget\" data-widget_type=\"image.default\">\n\t\t\t\t\t\t\t\t\t\t\t\t\t\t\t<img loading=\"lazy\" decoding=\"async\" width=\"1200\" height=\"200\" src=\"https:\/\/www.adial.ro\/service\/wp-content\/uploads\/2025\/09\/adialsigle-3.png\" class=\"attachment-full size-full wp-image-507\" alt=\"\" srcset=\"https:\/\/www.adial.ro\/service\/wp-content\/uploads\/2025\/09\/adialsigle-3.png 1200w, https:\/\/www.adial.ro\/service\/wp-content\/uploads\/2025\/09\/adialsigle-3-300x50.png 300w, https:\/\/www.adial.ro\/service\/wp-content\/uploads\/2025\/09\/adialsigle-3-1024x171.png 1024w, https:\/\/www.adial.ro\/service\/wp-content\/uploads\/2025\/09\/adialsigle-3-768x128.png 768w\" sizes=\"(max-width: 1200px) 100vw, 1200px\" \/>\t\t\t\t\t\t\t\t\t\t\t\t\t\t\t<\/div>\n\t\t\t\t\t<\/div>\n\t\t\t\t<\/div>\n\t\t<div class=\"elementor-element elementor-element-de2e8a1 e-flex e-con-boxed wpr-particle-no wpr-jarallax-no wpr-parallax-no wpr-sticky-section-no wpr-column-slider-no wpr-equal-height-no e-con e-parent\" data-id=\"de2e8a1\" data-element_type=\"container\" data-e-type=\"container\">\n\t\t\t\t\t<div class=\"e-con-inner\">\n\t\t<div class=\"elementor-element elementor-element-1274dbc e-con-full e-flex wpr-particle-no wpr-jarallax-no wpr-parallax-no wpr-sticky-section-no wpr-column-slider-no wpr-equal-height-no e-con e-child\" data-id=\"1274dbc\" data-element_type=\"container\" data-e-type=\"container\">\n\t\t\t\t<div class=\"elementor-element elementor-element-44ba4fd elementor-widget elementor-widget-image\" data-id=\"44ba4fd\" data-element_type=\"widget\" data-e-type=\"widget\" data-widget_type=\"image.default\">\n\t\t\t\t\t\t\t\t\t\t\t\t\t\t\t<img loading=\"lazy\" decoding=\"async\" width=\"600\" height=\"600\" src=\"https:\/\/www.adial.ro\/service\/wp-content\/uploads\/2025\/09\/seace-for-installers-installer-info-2-large_PC-600x600-2.jpg\" class=\"attachment-full size-full wp-image-511\" alt=\"\" srcset=\"https:\/\/www.adial.ro\/service\/wp-content\/uploads\/2025\/09\/seace-for-installers-installer-info-2-large_PC-600x600-2.jpg 600w, https:\/\/www.adial.ro\/service\/wp-content\/uploads\/2025\/09\/seace-for-installers-installer-info-2-large_PC-600x600-2-300x300.jpg 300w, https:\/\/www.adial.ro\/service\/wp-content\/uploads\/2025\/09\/seace-for-installers-installer-info-2-large_PC-600x600-2-150x150.jpg 150w\" sizes=\"(max-width: 600px) 100vw, 600px\" \/>\t\t\t\t\t\t\t\t\t\t\t\t\t\t\t<\/div>\n\t\t\t\t<\/div>\n\t\t<div class=\"elementor-element elementor-element-409fff9 e-con-full e-flex wpr-particle-no wpr-jarallax-no wpr-parallax-no wpr-sticky-section-no wpr-column-slider-no wpr-equal-height-no e-con e-child\" data-id=\"409fff9\" data-element_type=\"container\" data-e-type=\"container\">\n\t\t\t\t<div class=\"elementor-element elementor-element-6c05b87 elementor-widget elementor-widget-text-editor\" data-id=\"6c05b87\" data-element_type=\"widget\" data-e-type=\"widget\" data-widget_type=\"text-editor.default\">\n\t\t\t\t\t\t\t\t\t<ul><li>Dispunem de o experien\u021b\u0103 vast\u0103 \u00een domeniul montajului aparatelor de aer condi\u021bionat, ceea ce ne permite s\u0103 identific\u0103m cele mai eficiente \u0219i sigure loca\u021bii de instalare, asigur\u00e2nd astfel func\u021bionarea optim\u0103 a echipamentelor.<br \/><br \/><\/li><li>Suntem o firm\u0103 autorizat\u0103, iar montajul realizat de c\u0103tre echipa noastr\u0103 nu va afecta garan\u021bia oferit\u0103 de produc\u0103tor.<br \/><br \/><\/li><li>Mont\u0103m orice tip, marc\u0103 \u0219i model de aparate de aer condi\u021bionat, conform standardelor de calitate.<br \/><br \/><\/li><li>Serviciile noastre sunt disponibile pentru apartamente, case, cl\u0103diri de birouri, institu\u021bii \u0219i spa\u021bii comerciale. <br \/><br \/><\/li><li>Utiliz\u0103m materiale de cea mai bun\u0103 calitate \u0219i echipamente moderne, ceea ce ne permite s\u0103 realiz\u0103m montajuri rapide, eficiente \u0219i estetic pl\u0103cute.\u00a0<br \/><br \/><br \/><\/li><\/ul>\t\t\t\t\t\t\t\t<\/div>\n\t\t\t\t<\/div>\n\t\t\t\t\t<\/div>\n\t\t\t\t<\/div>\n\t\t\t\t<\/div>\n\t\t","protected":false},"excerpt":{"rendered":"<p>Montaj aparate de aer condi\u021bionat De peste 25 de ani, oferim servicii profesioniste de montaj pentru sistemele de aer condi\u021bionat&#8230;.<\/p>\n","protected":false},"author":1,"featured_media":0,"parent":0,"menu_order":0,"comment_status":"closed","ping_status":"closed","template":"","meta":{"pagelayer_contact_templates":[],"_pagelayer_content":"","footnotes":""},"class_list":["post-16","page","type-page","status-publish","hentry"],"yoast_head":"<!-- This site is optimized with the Yoast SEO plugin v27.6 - https:\/\/yoast.com\/product\/yoast-seo-wordpress\/ -->\n<title>Aer condi\u021bionat - Adial Electronic<\/title>\n<meta name=\"robots\" content=\"index, follow, max-snippet:-1, max-image-preview:large, max-video-preview:-1\" \/>\n<link rel=\"canonical\" href=\"https:\/\/www.adial.ro\/service\/aer-conditionat\/\" \/>\n<meta property=\"og:locale\" content=\"en_US\" \/>\n<meta property=\"og:type\" content=\"article\" \/>\n<meta property=\"og:title\" content=\"Aer condi\u021bionat - Adial Electronic\" \/>\n<meta property=\"og:description\" content=\"Montaj aparate de aer condi\u021bionat De peste 25 de ani, oferim servicii profesioniste de montaj pentru sistemele de aer condi\u021bionat....\" \/>\n<meta property=\"og:url\" content=\"https:\/\/www.adial.ro\/service\/aer-conditionat\/\" \/>\n<meta property=\"og:site_name\" content=\"Adial Electronic\" \/>\n<meta property=\"article:modified_time\" content=\"2026-01-16T11:30:42+00:00\" \/>\n<meta property=\"og:image\" content=\"https:\/\/www.adial.ro\/service\/wp-content\/uploads\/2025\/09\/air-conditioner.png\" \/>\n<meta name=\"twitter:card\" content=\"summary_large_image\" \/>\n<meta name=\"twitter:label1\" content=\"Est. reading time\" \/>\n\t<meta name=\"twitter:data1\" content=\"3 minutes\" \/>\n<script type=\"application\/ld+json\" class=\"yoast-schema-graph\">{\"@context\":\"https:\\\/\\\/schema.org\",\"@graph\":[{\"@type\":\"WebPage\",\"@id\":\"https:\\\/\\\/www.adial.ro\\\/service\\\/aer-conditionat\\\/\",\"url\":\"https:\\\/\\\/www.adial.ro\\\/service\\\/aer-conditionat\\\/\",\"name\":\"Aer condi\u021bionat - Adial Electronic\",\"isPartOf\":{\"@id\":\"https:\\\/\\\/www.adial.ro\\\/service\\\/#website\"},\"primaryImageOfPage\":{\"@id\":\"https:\\\/\\\/www.adial.ro\\\/service\\\/aer-conditionat\\\/#primaryimage\"},\"image\":{\"@id\":\"https:\\\/\\\/www.adial.ro\\\/service\\\/aer-conditionat\\\/#primaryimage\"},\"thumbnailUrl\":\"https:\\\/\\\/www.adial.ro\\\/service\\\/wp-content\\\/uploads\\\/2025\\\/09\\\/air-conditioner.png\",\"datePublished\":\"2025-09-04T10:41:56+00:00\",\"dateModified\":\"2026-01-16T11:30:42+00:00\",\"breadcrumb\":{\"@id\":\"https:\\\/\\\/www.adial.ro\\\/service\\\/aer-conditionat\\\/#breadcrumb\"},\"inLanguage\":\"en-US\",\"potentialAction\":[{\"@type\":\"ReadAction\",\"target\":[\"https:\\\/\\\/www.adial.ro\\\/service\\\/aer-conditionat\\\/\"]}]},{\"@type\":\"ImageObject\",\"inLanguage\":\"en-US\",\"@id\":\"https:\\\/\\\/www.adial.ro\\\/service\\\/aer-conditionat\\\/#primaryimage\",\"url\":\"https:\\\/\\\/www.adial.ro\\\/service\\\/wp-content\\\/uploads\\\/2025\\\/09\\\/air-conditioner.png\",\"contentUrl\":\"https:\\\/\\\/www.adial.ro\\\/service\\\/wp-content\\\/uploads\\\/2025\\\/09\\\/air-conditioner.png\",\"width\":512,\"height\":512},{\"@type\":\"BreadcrumbList\",\"@id\":\"https:\\\/\\\/www.adial.ro\\\/service\\\/aer-conditionat\\\/#breadcrumb\",\"itemListElement\":[{\"@type\":\"ListItem\",\"position\":1,\"name\":\"Home\",\"item\":\"https:\\\/\\\/www.adial.ro\\\/service\\\/\"},{\"@type\":\"ListItem\",\"position\":2,\"name\":\"Aer condi\u021bionat\"}]},{\"@type\":\"WebSite\",\"@id\":\"https:\\\/\\\/www.adial.ro\\\/service\\\/#website\",\"url\":\"https:\\\/\\\/www.adial.ro\\\/service\\\/\",\"name\":\"Adial Electronic\",\"description\":\"Service autorizat electronice si electrocasnice\",\"publisher\":{\"@id\":\"https:\\\/\\\/www.adial.ro\\\/service\\\/#organization\"},\"potentialAction\":[{\"@type\":\"SearchAction\",\"target\":{\"@type\":\"EntryPoint\",\"urlTemplate\":\"https:\\\/\\\/www.adial.ro\\\/service\\\/?s={search_term_string}\"},\"query-input\":{\"@type\":\"PropertyValueSpecification\",\"valueRequired\":true,\"valueName\":\"search_term_string\"}}],\"inLanguage\":\"en-US\"},{\"@type\":\"Organization\",\"@id\":\"https:\\\/\\\/www.adial.ro\\\/service\\\/#organization\",\"name\":\"Adial Electronic\",\"url\":\"https:\\\/\\\/www.adial.ro\\\/service\\\/\",\"logo\":{\"@type\":\"ImageObject\",\"inLanguage\":\"en-US\",\"@id\":\"https:\\\/\\\/www.adial.ro\\\/service\\\/#\\\/schema\\\/logo\\\/image\\\/\",\"url\":\"https:\\\/\\\/www.adial.ro\\\/service\\\/wp-content\\\/uploads\\\/2025\\\/11\\\/logo_adial_2x.png\",\"contentUrl\":\"https:\\\/\\\/www.adial.ro\\\/service\\\/wp-content\\\/uploads\\\/2025\\\/11\\\/logo_adial_2x.png\",\"width\":500,\"height\":133,\"caption\":\"Adial Electronic\"},\"image\":{\"@id\":\"https:\\\/\\\/www.adial.ro\\\/service\\\/#\\\/schema\\\/logo\\\/image\\\/\"}}]}<\/script>\n<!-- \/ Yoast SEO plugin. -->","yoast_head_json":{"title":"Aer condi\u021bionat - Adial Electronic","robots":{"index":"index","follow":"follow","max-snippet":"max-snippet:-1","max-image-preview":"max-image-preview:large","max-video-preview":"max-video-preview:-1"},"canonical":"https:\/\/www.adial.ro\/service\/aer-conditionat\/","og_locale":"en_US","og_type":"article","og_title":"Aer condi\u021bionat - Adial Electronic","og_description":"Montaj aparate de aer condi\u021bionat De peste 25 de ani, oferim servicii profesioniste de montaj pentru sistemele de aer condi\u021bionat....","og_url":"https:\/\/www.adial.ro\/service\/aer-conditionat\/","og_site_name":"Adial Electronic","article_modified_time":"2026-01-16T11:30:42+00:00","og_image":[{"url":"https:\/\/www.adial.ro\/service\/wp-content\/uploads\/2025\/09\/air-conditioner.png","type":"","width":"","height":""}],"twitter_card":"summary_large_image","twitter_misc":{"Est. reading time":"3 minutes"},"schema":{"@context":"https:\/\/schema.org","@graph":[{"@type":"WebPage","@id":"https:\/\/www.adial.ro\/service\/aer-conditionat\/","url":"https:\/\/www.adial.ro\/service\/aer-conditionat\/","name":"Aer condi\u021bionat - Adial Electronic","isPartOf":{"@id":"https:\/\/www.adial.ro\/service\/#website"},"primaryImageOfPage":{"@id":"https:\/\/www.adial.ro\/service\/aer-conditionat\/#primaryimage"},"image":{"@id":"https:\/\/www.adial.ro\/service\/aer-conditionat\/#primaryimage"},"thumbnailUrl":"https:\/\/www.adial.ro\/service\/wp-content\/uploads\/2025\/09\/air-conditioner.png","datePublished":"2025-09-04T10:41:56+00:00","dateModified":"2026-01-16T11:30:42+00:00","breadcrumb":{"@id":"https:\/\/www.adial.ro\/service\/aer-conditionat\/#breadcrumb"},"inLanguage":"en-US","potentialAction":[{"@type":"ReadAction","target":["https:\/\/www.adial.ro\/service\/aer-conditionat\/"]}]},{"@type":"ImageObject","inLanguage":"en-US","@id":"https:\/\/www.adial.ro\/service\/aer-conditionat\/#primaryimage","url":"https:\/\/www.adial.ro\/service\/wp-content\/uploads\/2025\/09\/air-conditioner.png","contentUrl":"https:\/\/www.adial.ro\/service\/wp-content\/uploads\/2025\/09\/air-conditioner.png","width":512,"height":512},{"@type":"BreadcrumbList","@id":"https:\/\/www.adial.ro\/service\/aer-conditionat\/#breadcrumb","itemListElement":[{"@type":"ListItem","position":1,"name":"Home","item":"https:\/\/www.adial.ro\/service\/"},{"@type":"ListItem","position":2,"name":"Aer condi\u021bionat"}]},{"@type":"WebSite","@id":"https:\/\/www.adial.ro\/service\/#website","url":"https:\/\/www.adial.ro\/service\/","name":"Adial Electronic","description":"Service autorizat electronice si electrocasnice","publisher":{"@id":"https:\/\/www.adial.ro\/service\/#organization"},"potentialAction":[{"@type":"SearchAction","target":{"@type":"EntryPoint","urlTemplate":"https:\/\/www.adial.ro\/service\/?s={search_term_string}"},"query-input":{"@type":"PropertyValueSpecification","valueRequired":true,"valueName":"search_term_string"}}],"inLanguage":"en-US"},{"@type":"Organization","@id":"https:\/\/www.adial.ro\/service\/#organization","name":"Adial Electronic","url":"https:\/\/www.adial.ro\/service\/","logo":{"@type":"ImageObject","inLanguage":"en-US","@id":"https:\/\/www.adial.ro\/service\/#\/schema\/logo\/image\/","url":"https:\/\/www.adial.ro\/service\/wp-content\/uploads\/2025\/11\/logo_adial_2x.png","contentUrl":"https:\/\/www.adial.ro\/service\/wp-content\/uploads\/2025\/11\/logo_adial_2x.png","width":500,"height":133,"caption":"Adial Electronic"},"image":{"@id":"https:\/\/www.adial.ro\/service\/#\/schema\/logo\/image\/"}}]}},"_links":{"self":[{"href":"https:\/\/www.adial.ro\/service\/wp-json\/wp\/v2\/pages\/16","targetHints":{"allow":["GET"]}}],"collection":[{"href":"https:\/\/www.adial.ro\/service\/wp-json\/wp\/v2\/pages"}],"about":[{"href":"https:\/\/www.adial.ro\/service\/wp-json\/wp\/v2\/types\/page"}],"author":[{"embeddable":true,"href":"https:\/\/www.adial.ro\/service\/wp-json\/wp\/v2\/users\/1"}],"replies":[{"embeddable":true,"href":"https:\/\/www.adial.ro\/service\/wp-json\/wp\/v2\/comments?post=16"}],"version-history":[{"count":3,"href":"https:\/\/www.adial.ro\/service\/wp-json\/wp\/v2\/pages\/16\/revisions"}],"predecessor-version":[{"id":1299,"href":"https:\/\/www.adial.ro\/service\/wp-json\/wp\/v2\/pages\/16\/revisions\/1299"}],"wp:attachment":[{"href":"https:\/\/www.adial.ro\/service\/wp-json\/wp\/v2\/media?parent=16"}],"curies":[{"name":"wp","href":"https:\/\/api.w.org\/{rel}","templated":true}]}}